{"id":7791,"date":"2021-04-29T10:01:55","date_gmt":"2021-04-29T15:01:55","guid":{"rendered":"https:\/\/conjardines.com\/?post_type=product&#038;p=7791"},"modified":"2023-01-14T06:03:16","modified_gmt":"2023-01-14T11:03:16","slug":"tomate-rinon","status":"publish","type":"product","link":"https:\/\/conjardines.com\/index.php\/producto\/tomate-rinon\/","title":{"rendered":"Tomate Ri\u00f1\u00f3n"},"content":{"rendered":"","protected":false},"excerpt":{"rendered":"<p>Plantas Hort\u00edcolas<\/p>\n","protected":false},"featured_media":9479,"comment_status":"open","ping_status":"closed","template":"","meta":[],"_links":{"self":[{"href":"https:\/\/conjardines.com\/index.php\/wp-json\/wp\/v2\/product\/7791"}],"collection":[{"href":"https:\/\/conjardines.com\/index.php\/wp-json\/wp\/v2\/product"}],"about":[{"href":"https:\/\/conjardines.com\/index.php\/wp-json\/wp\/v2\/types\/product"}],"replies":[{"embeddable":true,"href":"https:\/\/conjardines.com\/index.php\/wp-json\/wp\/v2\/comments?post=7791"}],"version-history":[{"count":0,"href":"https:\/\/conjardines.com\/index.php\/wp-json\/wp\/v2\/product\/7791\/revisions"}],"wp:featuredmedia":[{"embeddable":true,"href":"https:\/\/conjardines.com\/index.php\/wp-json\/wp\/v2\/media\/9479"}],"wp:attachment":[{"href":"https:\/\/conjardines.com\/index.php\/wp-json\/wp\/v2\/media?parent=7791"}],"curies":[{"name":"wp","href":"https:\/\/api.w.org\/{rel}","templated":true}]}}