{"id":6462,"date":"2021-04-07T10:55:08","date_gmt":"2021-04-07T15:55:08","guid":{"rendered":"https:\/\/conjardines.com\/?post_type=product&#038;p=6462"},"modified":"2021-04-07T10:55:08","modified_gmt":"2021-04-07T15:55:08","slug":"azadon-pequeno-para-jardineria","status":"publish","type":"product","link":"https:\/\/conjardines.com\/index.php\/producto\/azadon-pequeno-para-jardineria\/","title":{"rendered":"Azad\u00f3n peque\u00f1o para jardiner\u00eda"},"content":{"rendered":"","protected":false},"excerpt":{"rendered":"<p>Herramientas<\/p>\n","protected":false},"featured_media":5438,"comment_status":"open","ping_status":"closed","template":"","meta":[],"_links":{"self":[{"href":"https:\/\/conjardines.com\/index.php\/wp-json\/wp\/v2\/product\/6462"}],"collection":[{"href":"https:\/\/conjardines.com\/index.php\/wp-json\/wp\/v2\/product"}],"about":[{"href":"https:\/\/conjardines.com\/index.php\/wp-json\/wp\/v2\/types\/product"}],"replies":[{"embeddable":true,"href":"https:\/\/conjardines.com\/index.php\/wp-json\/wp\/v2\/comments?post=6462"}],"version-history":[{"count":0,"href":"https:\/\/conjardines.com\/index.php\/wp-json\/wp\/v2\/product\/6462\/revisions"}],"wp:featuredmedia":[{"embeddable":true,"href":"https:\/\/conjardines.com\/index.php\/wp-json\/wp\/v2\/media\/5438"}],"wp:attachment":[{"href":"https:\/\/conjardines.com\/index.php\/wp-json\/wp\/v2\/media?parent=6462"}],"curies":[{"name":"wp","href":"https:\/\/api.w.org\/{rel}","templated":true}]}}