{"id":5381,"date":"2021-03-29T18:52:19","date_gmt":"2021-03-29T23:52:19","guid":{"rendered":"https:\/\/conjardines.com\/?page_id=5381"},"modified":"2022-10-16T14:48:32","modified_gmt":"2022-10-16T19:48:32","slug":"empresa","status":"publish","type":"page","link":"https:\/\/conjardines.com\/index.php\/empresa\/","title":{"rendered":"Notocias Paisajismo y Jardiner\u00eda"},"content":{"rendered":"\n<div class=\"wp-block-cover alignfull has-background-dim-70 has-ast-global-color-2-background-color has-background-dim\" style=\"min-height:600px\"><img loading=\"lazy\" width=\"512\" height=\"512\" class=\"wp-block-cover__image-background wp-image-8130\" alt=\"\" src=\"http:\/\/conjardines.com\/wp-content\/uploads\/2021\/05\/cropped-cropped-nuls.png\" style=\"object-position:25% 29%\" data-object-fit=\"cover\" data-object-position=\"25% 29%\" srcset=\"https:\/\/conjardines.com\/wp-content\/uploads\/2021\/05\/cropped-cropped-nuls.png 512w, https:\/\/conjardines.com\/wp-content\/uploads\/2021\/05\/cropped-cropped-nuls-300x300.png 300w, https:\/\/conjardines.com\/wp-content\/uploads\/2021\/05\/cropped-cropped-nuls-150x150.png 150w, https:\/\/conjardines.com\/wp-content\/uploads\/2021\/05\/cropped-cropped-nuls-500x500.png 500w, https:\/\/conjardines.com\/wp-content\/uploads\/2021\/05\/cropped-cropped-nuls-100x100.png 100w, https:\/\/conjardines.com\/wp-content\/uploads\/2021\/05\/cropped-cropped-nuls-270x270.png 270w, https:\/\/conjardines.com\/wp-content\/uploads\/2021\/05\/cropped-cropped-nuls-192x192.png 192w, https:\/\/conjardines.com\/wp-content\/uploads\/2021\/05\/cropped-cropped-nuls-180x180.png 180w, https:\/\/conjardines.com\/wp-content\/uploads\/2021\/05\/cropped-cropped-nuls-32x32.png 32w\" sizes=\"(max-width: 512px) 100vw, 512px\" \/><div class=\"wp-block-cover__inner-container\">\n<h1 class=\"has-text-align-center has-white-color has-text-color\">Conjardines, una forma de expresar el sentimiento por la naturaleza <\/h1>\n\n\n\n<p>Las novedades de jardin vertical, Fotografia tomado de Iberflora,2022<\/p>\n<\/div><\/div>\n\n\n\n<div class=\"wp-block-group alignfull has-ast-global-color-5-background-color has-background\"><div class=\"wp-block-group__inner-container\">\n<div class=\"wp-block-columns\">\n<div class=\"wp-block-column\">\n<h2>Jardin vertical  <\/h2>\n\n\n\n<p>Una idea convertida en paisajismo<\/p>\n\n\n\n<p>Los jardines verticales son una opci\u00f3n en el dise\u00f1o que permiten crear ambientes \u00fanicos, la diferencia est\u00e1 en el costo.<\/p>\n\n\n\n<div class=\"wp-block-columns\">\n<div class=\"wp-block-column\">\n<figure class=\"wp-block-image size-large is-resized\"><img loading=\"lazy\" src=\"https:\/\/conjardines.com\/wp-content\/uploads\/2022\/10\/DGREEN-VERTICAL-1-1-693x1000.jpg\" alt=\"\" class=\"wp-image-9910\" width=\"172\" height=\"243\"\/><figcaption>Jardin vertical <\/figcaption><\/figure>\n\n\n\n<h3>Chocolate Cake<\/h3>\n\n\n\n<p>Ser una empresa l\u00edder en el sector de la jardiner\u00eda &amp; paisajismo del Ecuador en el 2025<\/p>\n\n\n\n<div class=\"wp-block-buttons\">\n<div class=\"wp-block-button\"><a class=\"wp-block-button__link\" href=\"https:\/\/websitedemos.net\/recipe-blog-08\/chocolate-cake\/\">Read More<\/a><\/div>\n<\/div>\n<\/div>\n\n\n\n<div class=\"wp-block-column\">\n<figure class=\"wp-block-image size-large\"><img src=\"http:\/\/conjardines.com\/wp-content\/uploads\/2022\/10\/icecream-free-img.jpg\" alt=\"\" class=\"wp-image-418\"\/><\/figure>\n\n\n\n<h3>Sugar Free Icecream<\/h3>\n\n\n\n<p>Nullam imperdiet lobortis maximus cras ante neque. Aenean fermentum vulputate eros, efficitur vehicula nunc\u2026<\/p>\n\n\n\n<div class=\"wp-block-buttons\">\n<div class=\"wp-block-button\"><a class=\"wp-block-button__link\" href=\"https:\/\/websitedemos.net\/recipe-blog-08\/sugar-free-icecream\/\">Read More<\/a><\/div>\n<\/div>\n<\/div>\n<\/div>\n<\/div>\n\n\n\n<div class=\"wp-block-column\">\n<div class=\"wp-block-cover alignright has-background-dim-70 has-ast-global-color-2-background-color has-background-dim\" style=\"min-height:100vh\"><img loading=\"lazy\" width=\"720\" height=\"720\" class=\"wp-block-cover__image-background wp-image-9609\" alt=\"\" src=\"http:\/\/conjardines.com\/wp-content\/uploads\/2021\/05\/257n.jpg\" style=\"object-position:44% 38%\" data-object-fit=\"cover\" data-object-position=\"44% 38%\" srcset=\"https:\/\/conjardines.com\/wp-content\/uploads\/2021\/05\/257n.jpg 720w, https:\/\/conjardines.com\/wp-content\/uploads\/2021\/05\/257n-300x300.jpg 300w, https:\/\/conjardines.com\/wp-content\/uploads\/2021\/05\/257n-150x150.jpg 150w, https:\/\/conjardines.com\/wp-content\/uploads\/2021\/05\/257n-500x500.jpg 500w, https:\/\/conjardines.com\/wp-content\/uploads\/2021\/05\/257n-600x600.jpg 600w, https:\/\/conjardines.com\/wp-content\/uploads\/2021\/05\/257n-100x100.jpg 100w\" sizes=\"(max-width: 720px) 100vw, 720px\" \/><div class=\"wp-block-cover__inner-container\">\n<h3 class=\"has-white-color has-text-color\">Conjardines<\/h3>\n\n\n\n<p>Ofertar ideas, formaci\u00f3n, tecnolog\u00eda, desarrollo, productos e insumos a las empresas, profesionales y personas aficionadas a la jardiner\u00eda &amp; paisajismo.\u00a0<\/p>\n\n\n\n<div class=\"wp-block-buttons\">\n<div class=\"wp-block-button\"><a class=\"wp-block-button__link\" href=\"https:\/\/websitedemos.net\/recipe-blog-08\/wheat-pancake\/\">Read More<\/a><\/div>\n<\/div>\n\n\n\n<p class=\"has-white-color has-text-color\"><\/p>\n<\/div><\/div>\n<\/div>\n<\/div>\n<\/div><\/div>\n\n\n\n<div class=\"wp-block-group alignfull has-ast-global-color-4-background-color has-background\"><div class=\"wp-block-group__inner-container\">\n<h2>Some easy salad fillers.<\/h2>\n\n\n\n<div class=\"wp-block-columns alignwide\">\n<div class=\"wp-block-column\">\n<div class=\"wp-block-group has-ast-global-color-5-background-color has-background\"><div class=\"wp-block-group__inner-container\">\n<figure class=\"wp-block-image size-large\"><img src=\"http:\/\/conjardines.com\/wp-content\/uploads\/2022\/10\/blog06.jpg\" alt=\"\" class=\"wp-image-113\"\/><\/figure>\n\n\n\n<h3>Frankie Basket<\/h3>\n\n\n\n<p>Nullam imperdiet lobortis maximus cras ante neque. Aenean fermentum vulputate eros, efficitur vehicula nunc accumsan\u2026<\/p>\n\n\n\n<div class=\"wp-block-buttons\">\n<div class=\"wp-block-button\"><a class=\"wp-block-button__link\" href=\"https:\/\/websitedemos.net\/recipe-blog-08\/frankie-basket\/\">Read More<\/a><\/div>\n<\/div>\n<\/div><\/div>\n<\/div>\n\n\n\n<div class=\"wp-block-column\">\n<div class=\"wp-block-group has-ast-global-color-5-background-color has-background\"><div class=\"wp-block-group__inner-container\">\n<figure class=\"wp-block-image size-large\"><img src=\"http:\/\/conjardines.com\/wp-content\/uploads\/2022\/10\/salad2-free-img.jpg\" alt=\"\" class=\"wp-image-302\"\/><\/figure>\n\n\n\n<h3>Spinach Salad<\/h3>\n\n\n\n<p>Nullam imperdiet lobortis maximus cras ante neque. Aenean fermentum vulputate eros, efficitur vehicula nunc accumsan\u2026<\/p>\n\n\n\n<div class=\"wp-block-buttons\">\n<div class=\"wp-block-button\"><a class=\"wp-block-button__link\" href=\"https:\/\/websitedemos.net\/recipe-blog-08\/spinach-salad\/\">Read More<\/a><\/div>\n<\/div>\n<\/div><\/div>\n<\/div>\n\n\n\n<div class=\"wp-block-column\">\n<div class=\"wp-block-group has-ast-global-color-5-background-color has-background\"><div class=\"wp-block-group__inner-container\">\n<figure class=\"wp-block-image size-large\"><img src=\"http:\/\/conjardines.com\/wp-content\/uploads\/2022\/10\/blog01.jpg\" alt=\"\" class=\"wp-image-102\"\/><\/figure>\n\n\n\n<h3>Banana Salad<\/h3>\n\n\n\n<p>Nullam imperdiet lobortis maximus cras ante neque. Aenean fermentum vulputate eros, efficitur vehicula nunc accumsan\u2026<\/p>\n\n\n\n<div class=\"wp-block-buttons\">\n<div class=\"wp-block-button\"><a class=\"wp-block-button__link\" href=\"https:\/\/websitedemos.net\/recipe-blog-08\/banana-salad\/\">Read More<\/a><\/div>\n<\/div>\n<\/div><\/div>\n<\/div>\n<\/div>\n<\/div><\/div>\n\n\n\n<div class=\"wp-block-group alignfull has-black-color has-text-color has-background\" style=\"background-color:#d6e8e1\"><div class=\"wp-block-group__inner-container\">\n<h2>Eating should always be an experience<\/h2>\n\n\n\n<div class=\"wp-block-columns\">\n<div class=\"wp-block-column\">\n<figure class=\"wp-block-image size-large\"><img src=\"http:\/\/conjardines.com\/wp-content\/uploads\/2022\/10\/tasty-pasta.jpg\" alt=\"\" class=\"wp-image-1020\"\/><\/figure>\n\n\n\n<h2>Tasty Pasta<\/h2>\n\n\n\n<p>Nunc facilisis diam velit, non facilisis justo lobortis ac. Etiam ante tortor, consequat vel felis\u2026<\/p>\n\n\n\n<div class=\"wp-block-buttons\">\n<div class=\"wp-block-button\"><a class=\"wp-block-button__link\" href=\"https:\/\/websitedemos.net\/recipe-blog-08\/tasty-pasta\/\">Read More<\/a><\/div>\n<\/div>\n<\/div>\n\n\n\n<div class=\"wp-block-column\">\n<figure class=\"wp-block-image size-large\"><img src=\"http:\/\/conjardines.com\/wp-content\/uploads\/2022\/10\/blog05.jpg\" alt=\"\" class=\"wp-image-111\"\/><\/figure>\n\n\n\n<h2>Healthy Oats<\/h2>\n\n\n\n<p>Nunc facilisis diam velit, non facilisis justo lobortis ac. Etiam ante tortor, consequat vel felis\u2026<\/p>\n\n\n\n<div class=\"wp-block-buttons\">\n<div class=\"wp-block-button\"><a class=\"wp-block-button__link\" href=\"https:\/\/websitedemos.net\/recipe-blog-08\/healthy-oats\/\">Read More<\/a><\/div>\n<\/div>\n<\/div>\n<\/div>\n<\/div><\/div>\n","protected":false},"excerpt":{"rendered":"","protected":false},"author":2,"featured_media":0,"parent":0,"menu_order":0,"comment_status":"closed","ping_status":"closed","template":"","meta":[],"uagb_featured_image_src":{"full":false,"thumbnail":false,"medium":false,"medium_large":false,"large":false,"elegant_blocks_team_1":false,"elegant_blocks_blog_1":false,"elegant_blocks_slider_1":false,"1536x1536":false,"2048x2048":false,"bizberg_medium":false,"bizberg_gallery":false,"bizberg_blog_list":false,"bizberg_detail_image":false,"bizberg_detail_image_no_sidebar":false,"bizberg_portfolio_homepage":false,"bizberg_blog_list_no_sidebar_1":false,"woocommerce_thumbnail":false,"woocommerce_single":false,"woocommerce_gallery_thumbnail":false,"shop_catalog":false,"shop_single":false,"shop_thumbnail":false},"uagb_author_info":{"display_name":"Luis Yumi","author_link":"https:\/\/conjardines.com\/index.php\/author\/luisyumi\/"},"uagb_comment_info":0,"uagb_excerpt":null,"_links":{"self":[{"href":"https:\/\/conjardines.com\/index.php\/wp-json\/wp\/v2\/pages\/5381"}],"collection":[{"href":"https:\/\/conjardines.com\/index.php\/wp-json\/wp\/v2\/pages"}],"about":[{"href":"https:\/\/conjardines.com\/index.php\/wp-json\/wp\/v2\/types\/page"}],"author":[{"embeddable":true,"href":"https:\/\/conjardines.com\/index.php\/wp-json\/wp\/v2\/users\/2"}],"replies":[{"embeddable":true,"href":"https:\/\/conjardines.com\/index.php\/wp-json\/wp\/v2\/comments?post=5381"}],"version-history":[{"count":40,"href":"https:\/\/conjardines.com\/index.php\/wp-json\/wp\/v2\/pages\/5381\/revisions"}],"predecessor-version":[{"id":9912,"href":"https:\/\/conjardines.com\/index.php\/wp-json\/wp\/v2\/pages\/5381\/revisions\/9912"}],"wp:attachment":[{"href":"https:\/\/conjardines.com\/index.php\/wp-json\/wp\/v2\/media?parent=5381"}],"curies":[{"name":"wp","href":"https:\/\/api.w.org\/{rel}","templated":true}]}}