{"id":5208,"date":"2021-03-29T12:40:18","date_gmt":"2021-03-29T17:40:18","guid":{"rendered":"http:\/\/conjardines.com\/?page_id=5208"},"modified":"2021-05-28T15:38:29","modified_gmt":"2021-05-28T20:38:29","slug":"medicinales","status":"publish","type":"page","link":"https:\/\/conjardines.com\/index.php\/medicinales\/","title":{"rendered":"Medicinales"},"content":{"rendered":"\n<div data-elementor-type=\"wp-page\" data-elementor-id=\"5208\" class=\"elementor elementor-5208\" data-elementor-settings=\"[]\">\n<div class=\"elementor-section-wrap\">\n<section class=\"elementor-section elementor-top-section elementor-element elementor-element-4d4da1f0 elementor-section-height-min-height elementor-section-content-middle elementor-section-stretched elementor-section-boxed elementor-section-height-default elementor-section-items-middle\" data-id=\"4d4da1f0\" data-element_type=\"section\" data-settings=\"{&quot;background_background&quot;:&quot;classic&quot;,&quot;stretch_section&quot;:&quot;section-stretched&quot;}\">\n<div class=\"elementor-background-overlay\"><\/div>\n<div class=\"elementor-container elementor-column-gap-default\">\n<div class=\"elementor-column elementor-col-33 elementor-top-column elementor-element elementor-element-381e0fca\" data-id=\"381e0fca\" data-element_type=\"column\">\n<div class=\"elementor-widget-wrap elementor-element-populated\">\n<div class=\"elementor-element elementor-element-573add5b elementor-widget elementor-widget-heading\" data-id=\"573add5b\" data-element_type=\"widget\" data-widget_type=\"heading.default\">\n<div class=\"elementor-widget-container\">\n<h2 class=\"elementor-heading-title elementor-size-default\">CAT\u00c1LOGO <\/h2>\n<\/p><\/div>\n<\/p><\/div>\n<\/p><\/div>\n<\/p><\/div>\n<div class=\"elementor-column elementor-col-33 elementor-top-column elementor-element elementor-element-e01c4fd\" data-id=\"e01c4fd\" data-element_type=\"column\">\n<div class=\"elementor-widget-wrap elementor-element-populated\">\n<div class=\"elementor-element elementor-element-5b358d4 elementor-invisible elementor-widget elementor-widget-image\" data-id=\"5b358d4\" data-element_type=\"widget\" data-settings=\"{&quot;_animation&quot;:&quot;zoomIn&quot;}\" data-widget_type=\"image.default\">\n<div class=\"elementor-widget-container\">\n\t\t\t\t\t\t\t\t\t\t\t\t\t\t\t<img width=\"640\" height=\"578\" src=\"https:\/\/conjardines.com\/wp-content\/uploads\/2021\/04\/me.png\" class=\"attachment-large size-large\" alt=\"\" loading=\"lazy\" srcset=\"https:\/\/conjardines.com\/wp-content\/uploads\/2021\/04\/me.png 771w, https:\/\/conjardines.com\/wp-content\/uploads\/2021\/04\/me-300x271.png 300w, https:\/\/conjardines.com\/wp-content\/uploads\/2021\/04\/me-768x693.png 768w, https:\/\/conjardines.com\/wp-content\/uploads\/2021\/04\/me-600x542.png 600w\" sizes=\"(max-width: 640px) 100vw, 640px\" \/>\t\t\t\t\t\t\t\t\t\t\t\t\t\t\t<\/div>\n<\/p><\/div>\n<\/p><\/div>\n<\/p><\/div>\n<div class=\"elementor-column elementor-col-33 elementor-top-column elementor-element elementor-element-4f416bf\" data-id=\"4f416bf\" data-element_type=\"column\">\n<div class=\"elementor-widget-wrap elementor-element-populated\">\n<div class=\"elementor-element elementor-element-6f3c622b elementor-widget elementor-widget-text-editor\" data-id=\"6f3c622b\" data-element_type=\"widget\" data-widget_type=\"text-editor.default\">\n<div class=\"elementor-widget-container\">\n<p>Tiene propiedades positivas que pueden ser utilizadas con el fin de contribuir a una recuperaci\u00f3n o mejora del estado de salud de un sujeto con alg\u00fan tipo de enfermedad.<\/p>\n<\/p><\/div>\n<\/p><\/div>\n<\/p><\/div>\n<\/p><\/div>\n<\/p><\/div>\n<\/section>\n<section class=\"elementor-section elementor-top-section elementor-element elementor-element-4e19ce0 elementor-section-content-middle elementor-section-boxed elementor-section-height-default elementor-section-height-default\" data-id=\"4e19ce0\" data-element_type=\"section\">\n<div class=\"elementor-container elementor-column-gap-no\">\n<div class=\"elementor-column elementor-col-50 elementor-top-column elementor-element elementor-element-9b842e7\" data-id=\"9b842e7\" data-element_type=\"column\">\n<div class=\"elementor-widget-wrap elementor-element-populated\">\n<div class=\"elementor-element elementor-element-70964b4 elementor-widget elementor-widget-heading\" data-id=\"70964b4\" data-element_type=\"widget\" data-widget_type=\"heading.default\">\n<div class=\"elementor-widget-container\">\n<h4 class=\"elementor-heading-title elementor-size-default\">Plantas<\/h4>\n<\/p><\/div>\n<\/p><\/div>\n<\/p><\/div>\n<\/p><\/div>\n<div class=\"elementor-column elementor-col-50 elementor-top-column elementor-element elementor-element-56071f7\" data-id=\"56071f7\" data-element_type=\"column\">\n<div class=\"elementor-widget-wrap elementor-element-populated\">\n<div class=\"elementor-element elementor-element-c25d71c elementor-widget elementor-widget-heading\" data-id=\"c25d71c\" data-element_type=\"widget\" data-widget_type=\"heading.default\">\n<div class=\"elementor-widget-container\">\n<h4 class=\"elementor-heading-title elementor-size-default\">Medicinales<\/h4>\n<\/p><\/div>\n<\/p><\/div>\n<\/p><\/div>\n<\/p><\/div>\n<\/p><\/div>\n<\/section>\n<section class=\"elementor-section elementor-top-section elementor-element elementor-element-d006796 elementor-section-boxed elementor-section-height-default elementor-section-height-default\" data-id=\"d006796\" data-element_type=\"section\">\n<div class=\"elementor-container elementor-column-gap-default\">\n<div class=\"elementor-column elementor-col-25 elementor-top-column elementor-element elementor-element-38e54c9\" data-id=\"38e54c9\" data-element_type=\"column\">\n<div class=\"elementor-widget-wrap elementor-element-populated\">\n<div class=\"elementor-element elementor-element-8d11fec elementor-widget elementor-widget-image\" data-id=\"8d11fec\" data-element_type=\"widget\" data-widget_type=\"image.default\">\n<div class=\"elementor-widget-container\">\n\t\t\t\t\t\t\t\t\t\t\t\t\t\t\t\t<a href=\"https:\/\/conjardines.com\/index.php\/producto\/manzanilla\/\"><br \/>\n\t\t\t\t\t\t\t<img width=\"500\" height=\"625\" src=\"https:\/\/conjardines.com\/wp-content\/uploads\/2021\/05\/p9.jpg\" class=\"attachment-large size-large\" alt=\"\" loading=\"lazy\" srcset=\"https:\/\/conjardines.com\/wp-content\/uploads\/2021\/05\/p9.jpg 500w, https:\/\/conjardines.com\/wp-content\/uploads\/2021\/05\/p9-240x300.jpg 240w\" sizes=\"(max-width: 500px) 100vw, 500px\" \/>\t\t\t\t\t\t\t\t<\/a>\n\t\t\t\t\t\t\t\t\t\t\t\t\t\t\t<\/div>\n<\/p><\/div>\n<div class=\"elementor-element elementor-element-0f5c9d7 elementor-widget elementor-widget-heading\" data-id=\"0f5c9d7\" data-element_type=\"widget\" data-widget_type=\"heading.default\">\n<div class=\"elementor-widget-container\">\n<h2 class=\"elementor-heading-title elementor-size-default\">Manzanilla<\/h2>\n<\/p><\/div>\n<\/p><\/div>\n<div class=\"elementor-element elementor-element-3d73dd7 elementor-widget elementor-widget-heading\" data-id=\"3d73dd7\" data-element_type=\"widget\" data-widget_type=\"heading.default\">\n<div class=\"elementor-widget-container\">\n<h2 class=\"elementor-heading-title elementor-size-default\">$2.00<\/h2>\n<\/p><\/div>\n<\/p><\/div>\n<\/p><\/div>\n<\/p><\/div>\n<div class=\"elementor-column elementor-col-25 elementor-top-column elementor-element elementor-element-1e27ec5\" data-id=\"1e27ec5\" data-element_type=\"column\">\n<div class=\"elementor-widget-wrap elementor-element-populated\">\n<div class=\"elementor-element elementor-element-8aabf55 elementor-widget elementor-widget-image\" data-id=\"8aabf55\" data-element_type=\"widget\" data-widget_type=\"image.default\">\n<div class=\"elementor-widget-container\">\n\t\t\t\t\t\t\t\t\t\t\t\t\t\t\t\t<a href=\"https:\/\/conjardines.com\/index.php\/producto\/aloe-vera\/\"><br \/>\n\t\t\t\t\t\t\t<img width=\"500\" height=\"625\" src=\"https:\/\/conjardines.com\/wp-content\/uploads\/2021\/05\/p10.jpg\" class=\"attachment-large size-large\" alt=\"\" loading=\"lazy\" srcset=\"https:\/\/conjardines.com\/wp-content\/uploads\/2021\/05\/p10.jpg 500w, https:\/\/conjardines.com\/wp-content\/uploads\/2021\/05\/p10-240x300.jpg 240w\" sizes=\"(max-width: 500px) 100vw, 500px\" \/>\t\t\t\t\t\t\t\t<\/a>\n\t\t\t\t\t\t\t\t\t\t\t\t\t\t\t<\/div>\n<\/p><\/div>\n<div class=\"elementor-element elementor-element-d257568 elementor-widget elementor-widget-heading\" data-id=\"d257568\" data-element_type=\"widget\" data-widget_type=\"heading.default\">\n<div class=\"elementor-widget-container\">\n<h2 class=\"elementor-heading-title elementor-size-default\">Aloe Vera<\/h2>\n<\/p><\/div>\n<\/p><\/div>\n<div class=\"elementor-element elementor-element-7475505 elementor-widget elementor-widget-heading\" data-id=\"7475505\" data-element_type=\"widget\" data-widget_type=\"heading.default\">\n<div class=\"elementor-widget-container\">\n<h2 class=\"elementor-heading-title elementor-size-default\">$2.00<\/h2>\n<\/p><\/div>\n<\/p><\/div>\n<\/p><\/div>\n<\/p><\/div>\n<div class=\"elementor-column elementor-col-25 elementor-top-column elementor-element elementor-element-4a1213d\" data-id=\"4a1213d\" data-element_type=\"column\">\n<div class=\"elementor-widget-wrap elementor-element-populated\">\n<div class=\"elementor-element elementor-element-91c99e9 elementor-widget elementor-widget-image\" data-id=\"91c99e9\" data-element_type=\"widget\" data-widget_type=\"image.default\">\n<div class=\"elementor-widget-container\">\n\t\t\t\t\t\t\t\t\t\t\t\t\t\t\t\t<a href=\"https:\/\/conjardines.com\/index.php\/producto\/tomillo\/\"><br \/>\n\t\t\t\t\t\t\t<img width=\"500\" height=\"625\" src=\"https:\/\/conjardines.com\/wp-content\/uploads\/2021\/05\/p11.jpg\" class=\"attachment-large size-large\" alt=\"\" loading=\"lazy\" srcset=\"https:\/\/conjardines.com\/wp-content\/uploads\/2021\/05\/p11.jpg 500w, https:\/\/conjardines.com\/wp-content\/uploads\/2021\/05\/p11-240x300.jpg 240w\" sizes=\"(max-width: 500px) 100vw, 500px\" \/>\t\t\t\t\t\t\t\t<\/a>\n\t\t\t\t\t\t\t\t\t\t\t\t\t\t\t<\/div>\n<\/p><\/div>\n<div class=\"elementor-element elementor-element-71aaac4 elementor-widget elementor-widget-heading\" data-id=\"71aaac4\" data-element_type=\"widget\" data-widget_type=\"heading.default\">\n<div class=\"elementor-widget-container\">\n<h2 class=\"elementor-heading-title elementor-size-default\">Tomillo<\/h2>\n<\/p><\/div>\n<\/p><\/div>\n<div class=\"elementor-element elementor-element-dfd1e07 elementor-widget elementor-widget-heading\" data-id=\"dfd1e07\" data-element_type=\"widget\" data-widget_type=\"heading.default\">\n<div class=\"elementor-widget-container\">\n<h2 class=\"elementor-heading-title elementor-size-default\">$2.00<\/h2>\n<\/p><\/div>\n<\/p><\/div>\n<\/p><\/div>\n<\/p><\/div>\n<div class=\"elementor-column elementor-col-25 elementor-top-column elementor-element elementor-element-449703d\" data-id=\"449703d\" data-element_type=\"column\">\n<div class=\"elementor-widget-wrap elementor-element-populated\">\n<div class=\"elementor-element elementor-element-816e323 elementor-widget elementor-widget-image\" data-id=\"816e323\" data-element_type=\"widget\" data-widget_type=\"image.default\">\n<div class=\"elementor-widget-container\">\n\t\t\t\t\t\t\t\t\t\t\t\t\t\t\t\t<a href=\"https:\/\/conjardines.com\/index.php\/producto\/eneldo\/\"><br \/>\n\t\t\t\t\t\t\t<img width=\"500\" height=\"625\" src=\"https:\/\/conjardines.com\/wp-content\/uploads\/2021\/05\/p12.jpg\" class=\"attachment-large size-large\" alt=\"\" loading=\"lazy\" srcset=\"https:\/\/conjardines.com\/wp-content\/uploads\/2021\/05\/p12.jpg 500w, https:\/\/conjardines.com\/wp-content\/uploads\/2021\/05\/p12-240x300.jpg 240w\" sizes=\"(max-width: 500px) 100vw, 500px\" \/>\t\t\t\t\t\t\t\t<\/a>\n\t\t\t\t\t\t\t\t\t\t\t\t\t\t\t<\/div>\n<\/p><\/div>\n<div class=\"elementor-element elementor-element-b5391ee elementor-widget elementor-widget-heading\" data-id=\"b5391ee\" data-element_type=\"widget\" data-widget_type=\"heading.default\">\n<div class=\"elementor-widget-container\">\n<h2 class=\"elementor-heading-title elementor-size-default\">Eneldo<\/h2>\n<\/p><\/div>\n<\/p><\/div>\n<div class=\"elementor-element elementor-element-2b6e703 elementor-widget elementor-widget-heading\" data-id=\"2b6e703\" data-element_type=\"widget\" data-widget_type=\"heading.default\">\n<div class=\"elementor-widget-container\">\n<h2 class=\"elementor-heading-title elementor-size-default\">$2.00<\/h2>\n<\/p><\/div>\n<\/p><\/div>\n<\/p><\/div>\n<\/p><\/div>\n<\/p><\/div>\n<\/section>\n<section class=\"elementor-section elementor-top-section elementor-element elementor-element-78f6e56 elementor-section-boxed elementor-section-height-default elementor-section-height-default\" data-id=\"78f6e56\" data-element_type=\"section\">\n<div class=\"elementor-container elementor-column-gap-default\">\n<div class=\"elementor-column elementor-col-25 elementor-top-column elementor-element elementor-element-c6323fd\" data-id=\"c6323fd\" data-element_type=\"column\">\n<div class=\"elementor-widget-wrap elementor-element-populated\">\n<div class=\"elementor-element elementor-element-cf8de6e elementor-widget elementor-widget-image\" data-id=\"cf8de6e\" data-element_type=\"widget\" data-widget_type=\"image.default\">\n<div class=\"elementor-widget-container\">\n\t\t\t\t\t\t\t\t\t\t\t\t\t\t\t\t<a href=\"https:\/\/conjardines.com\/index.php\/producto\/menta\/\"><br \/>\n\t\t\t\t\t\t\t<img width=\"500\" height=\"625\" src=\"https:\/\/conjardines.com\/wp-content\/uploads\/2021\/05\/p13.jpg\" class=\"attachment-large size-large\" alt=\"\" loading=\"lazy\" srcset=\"https:\/\/conjardines.com\/wp-content\/uploads\/2021\/05\/p13.jpg 500w, https:\/\/conjardines.com\/wp-content\/uploads\/2021\/05\/p13-240x300.jpg 240w\" sizes=\"(max-width: 500px) 100vw, 500px\" \/>\t\t\t\t\t\t\t\t<\/a>\n\t\t\t\t\t\t\t\t\t\t\t\t\t\t\t<\/div>\n<\/p><\/div>\n<div class=\"elementor-element elementor-element-b1046d7 elementor-widget elementor-widget-heading\" data-id=\"b1046d7\" data-element_type=\"widget\" data-widget_type=\"heading.default\">\n<div class=\"elementor-widget-container\">\n<h2 class=\"elementor-heading-title elementor-size-default\">Menta<\/h2>\n<\/p><\/div>\n<\/p><\/div>\n<div class=\"elementor-element elementor-element-69ad142 elementor-widget elementor-widget-heading\" data-id=\"69ad142\" data-element_type=\"widget\" data-widget_type=\"heading.default\">\n<div class=\"elementor-widget-container\">\n<h2 class=\"elementor-heading-title elementor-size-default\">$2.00<\/h2>\n<\/p><\/div>\n<\/p><\/div>\n<\/p><\/div>\n<\/p><\/div>\n<div class=\"elementor-column elementor-col-25 elementor-top-column elementor-element elementor-element-1793e39\" data-id=\"1793e39\" data-element_type=\"column\">\n<div class=\"elementor-widget-wrap elementor-element-populated\">\n<div class=\"elementor-element elementor-element-6849482 elementor-widget elementor-widget-image\" data-id=\"6849482\" data-element_type=\"widget\" data-widget_type=\"image.default\">\n<div class=\"elementor-widget-container\">\n\t\t\t\t\t\t\t\t\t\t\t\t\t\t\t\t<a href=\"https:\/\/conjardines.com\/index.php\/producto\/cilantro\/\"><br \/>\n\t\t\t\t\t\t\t<img width=\"500\" height=\"625\" src=\"https:\/\/conjardines.com\/wp-content\/uploads\/2021\/05\/p14.jpg\" class=\"attachment-large size-large\" alt=\"\" loading=\"lazy\" srcset=\"https:\/\/conjardines.com\/wp-content\/uploads\/2021\/05\/p14.jpg 500w, https:\/\/conjardines.com\/wp-content\/uploads\/2021\/05\/p14-240x300.jpg 240w\" sizes=\"(max-width: 500px) 100vw, 500px\" \/>\t\t\t\t\t\t\t\t<\/a>\n\t\t\t\t\t\t\t\t\t\t\t\t\t\t\t<\/div>\n<\/p><\/div>\n<div class=\"elementor-element elementor-element-635a1a3 elementor-widget elementor-widget-heading\" data-id=\"635a1a3\" data-element_type=\"widget\" data-widget_type=\"heading.default\">\n<div class=\"elementor-widget-container\">\n<h2 class=\"elementor-heading-title elementor-size-default\">Cilantro<\/h2>\n<\/p><\/div>\n<\/p><\/div>\n<div class=\"elementor-element elementor-element-85e9bb1 elementor-widget elementor-widget-heading\" data-id=\"85e9bb1\" data-element_type=\"widget\" data-widget_type=\"heading.default\">\n<div class=\"elementor-widget-container\">\n<h2 class=\"elementor-heading-title elementor-size-default\">$2.00<\/h2>\n<\/p><\/div>\n<\/p><\/div>\n<\/p><\/div>\n<\/p><\/div>\n<div class=\"elementor-column elementor-col-25 elementor-top-column elementor-element elementor-element-877d50c\" data-id=\"877d50c\" data-element_type=\"column\">\n<div class=\"elementor-widget-wrap elementor-element-populated\">\n<div class=\"elementor-element elementor-element-ef5803d elementor-widget elementor-widget-image\" data-id=\"ef5803d\" data-element_type=\"widget\" data-widget_type=\"image.default\">\n<div class=\"elementor-widget-container\">\n\t\t\t\t\t\t\t\t\t\t\t\t\t\t\t\t<a href=\"https:\/\/conjardines.com\/index.php\/producto\/perejil\/\"><br \/>\n\t\t\t\t\t\t\t<img width=\"500\" height=\"625\" src=\"https:\/\/conjardines.com\/wp-content\/uploads\/2021\/05\/p15.jpg\" class=\"attachment-large size-large\" alt=\"\" loading=\"lazy\" srcset=\"https:\/\/conjardines.com\/wp-content\/uploads\/2021\/05\/p15.jpg 500w, https:\/\/conjardines.com\/wp-content\/uploads\/2021\/05\/p15-240x300.jpg 240w\" sizes=\"(max-width: 500px) 100vw, 500px\" \/>\t\t\t\t\t\t\t\t<\/a>\n\t\t\t\t\t\t\t\t\t\t\t\t\t\t\t<\/div>\n<\/p><\/div>\n<div class=\"elementor-element elementor-element-19d540e elementor-widget elementor-widget-heading\" data-id=\"19d540e\" data-element_type=\"widget\" data-widget_type=\"heading.default\">\n<div class=\"elementor-widget-container\">\n<h2 class=\"elementor-heading-title elementor-size-default\">Perejil<\/h2>\n<\/p><\/div>\n<\/p><\/div>\n<div class=\"elementor-element elementor-element-888840f elementor-widget elementor-widget-heading\" data-id=\"888840f\" data-element_type=\"widget\" data-widget_type=\"heading.default\">\n<div class=\"elementor-widget-container\">\n<h2 class=\"elementor-heading-title elementor-size-default\">$2.00<\/h2>\n<\/p><\/div>\n<\/p><\/div>\n<\/p><\/div>\n<\/p><\/div>\n<div class=\"elementor-column elementor-col-25 elementor-top-column elementor-element elementor-element-f698e7e\" data-id=\"f698e7e\" data-element_type=\"column\">\n<div class=\"elementor-widget-wrap elementor-element-populated\">\n<div class=\"elementor-element elementor-element-d4390c0 elementor-widget elementor-widget-image\" data-id=\"d4390c0\" data-element_type=\"widget\" data-widget_type=\"image.default\">\n<div class=\"elementor-widget-container\">\n\t\t\t\t\t\t\t\t\t\t\t\t\t\t\t\t<a href=\"https:\/\/conjardines.com\/index.php\/producto\/romero\/\"><br \/>\n\t\t\t\t\t\t\t<img width=\"500\" height=\"625\" src=\"https:\/\/conjardines.com\/wp-content\/uploads\/2021\/05\/p16.jpg\" class=\"attachment-large size-large\" alt=\"\" loading=\"lazy\" srcset=\"https:\/\/conjardines.com\/wp-content\/uploads\/2021\/05\/p16.jpg 500w, https:\/\/conjardines.com\/wp-content\/uploads\/2021\/05\/p16-240x300.jpg 240w\" sizes=\"(max-width: 500px) 100vw, 500px\" \/>\t\t\t\t\t\t\t\t<\/a>\n\t\t\t\t\t\t\t\t\t\t\t\t\t\t\t<\/div>\n<\/p><\/div>\n<div class=\"elementor-element elementor-element-d41849e elementor-widget elementor-widget-heading\" data-id=\"d41849e\" data-element_type=\"widget\" data-widget_type=\"heading.default\">\n<div class=\"elementor-widget-container\">\n<h2 class=\"elementor-heading-title elementor-size-default\">Romero<\/h2>\n<\/p><\/div>\n<\/p><\/div>\n<div class=\"elementor-element elementor-element-2a93ae5 elementor-widget elementor-widget-heading\" data-id=\"2a93ae5\" data-element_type=\"widget\" data-widget_type=\"heading.default\">\n<div class=\"elementor-widget-container\">\n<h2 class=\"elementor-heading-title elementor-size-default\">$2.00<\/h2>\n<\/p><\/div>\n<\/p><\/div>\n<\/p><\/div>\n<\/p><\/div>\n<\/p><\/div>\n<\/section><\/div>\n<\/p><\/div>\n","protected":false},"excerpt":{"rendered":"<p>CAT\u00c1LOGO Tiene propiedades positivas que pueden ser utilizadas con el fin de contribuir a una recuperaci\u00f3n o mejora del estado de salud de un sujeto con alg\u00fan tipo de enfermedad. Plantas Medicinales Manzanilla $2.00 Aloe Vera $2.00 Tomillo $2.00 Eneldo $2.00 Menta $2.00 Cilantro $2.00 Perejil $2.00 Romero $2.00<\/p>\n","protected":false},"author":2,"featured_media":0,"parent":0,"menu_order":0,"comment_status":"closed","ping_status":"closed","template":"page-templates\/full-width-container.php","meta":[],"uagb_featured_image_src":{"full":false,"thumbnail":false,"medium":false,"medium_large":false,"large":false,"elegant_blocks_team_1":false,"elegant_blocks_blog_1":false,"elegant_blocks_slider_1":false,"1536x1536":false,"2048x2048":false,"bizberg_medium":false,"bizberg_gallery":false,"bizberg_blog_list":false,"bizberg_detail_image":false,"bizberg_detail_image_no_sidebar":false,"bizberg_portfolio_homepage":false,"bizberg_blog_list_no_sidebar_1":false,"woocommerce_thumbnail":false,"woocommerce_single":false,"woocommerce_gallery_thumbnail":false,"shop_catalog":false,"shop_single":false,"shop_thumbnail":false},"uagb_author_info":{"display_name":"Luis Yumi","author_link":"https:\/\/conjardines.com\/index.php\/author\/luisyumi\/"},"uagb_comment_info":0,"uagb_excerpt":"CAT\u00c1LOGO Tiene propiedades positivas que pueden ser utilizadas con el fin de contribuir a una recuperaci\u00f3n o mejora del estado de salud de un sujeto con alg\u00fan tipo de enfermedad. Plantas Medicinales Manzanilla $2.00 Aloe Vera $2.00 Tomillo $2.00 Eneldo $2.00 Menta $2.00 Cilantro $2.00 Perejil $2.00 Romero $2.00","_links":{"self":[{"href":"https:\/\/conjardines.com\/index.php\/wp-json\/wp\/v2\/pages\/5208"}],"collection":[{"href":"https:\/\/conjardines.com\/index.php\/wp-json\/wp\/v2\/pages"}],"about":[{"href":"https:\/\/conjardines.com\/index.php\/wp-json\/wp\/v2\/types\/page"}],"author":[{"embeddable":true,"href":"https:\/\/conjardines.com\/index.php\/wp-json\/wp\/v2\/users\/2"}],"replies":[{"embeddable":true,"href":"https:\/\/conjardines.com\/index.php\/wp-json\/wp\/v2\/comments?post=5208"}],"version-history":[{"count":79,"href":"https:\/\/conjardines.com\/index.php\/wp-json\/wp\/v2\/pages\/5208\/revisions"}],"predecessor-version":[{"id":9684,"href":"https:\/\/conjardines.com\/index.php\/wp-json\/wp\/v2\/pages\/5208\/revisions\/9684"}],"wp:attachment":[{"href":"https:\/\/conjardines.com\/index.php\/wp-json\/wp\/v2\/media?parent=5208"}],"curies":[{"name":"wp","href":"https:\/\/api.w.org\/{rel}","templated":true}]}}