{"id":5110,"date":"2021-03-29T08:58:42","date_gmt":"2021-03-29T13:58:42","guid":{"rendered":"https:\/\/conjardines.com\/?page_id=5110"},"modified":"2025-05-02T11:45:52","modified_gmt":"2025-05-02T16:45:52","slug":"cesped","status":"publish","type":"page","link":"https:\/\/conjardines.com\/index.php\/cesped\/","title":{"rendered":"C\u00e9sped"},"content":{"rendered":"\n<div data-elementor-type=\"wp-page\" data-elementor-id=\"5110\" class=\"elementor elementor-5110\" data-elementor-settings=\"[]\">\n<div class=\"elementor-section-wrap\">\n<section class=\"elementor-section elementor-top-section elementor-element elementor-element-5056a6a6 elementor-section-height-min-height elementor-section-content-middle elementor-section-stretched elementor-section-boxed elementor-section-height-default elementor-section-items-middle\" data-id=\"5056a6a6\" data-element_type=\"section\" data-settings=\"{&quot;background_background&quot;:&quot;classic&quot;,&quot;stretch_section&quot;:&quot;section-stretched&quot;}\">\n<div class=\"elementor-background-overlay\"><\/div>\n<div class=\"elementor-container elementor-column-gap-default\">\n<div class=\"elementor-column elementor-col-33 elementor-top-column elementor-element elementor-element-6135ddcb\" data-id=\"6135ddcb\" data-element_type=\"column\">\n<div class=\"elementor-widget-wrap elementor-element-populated\">\n<div class=\"elementor-element elementor-element-2e70d73 elementor-widget elementor-widget-heading\" data-id=\"2e70d73\" data-element_type=\"widget\" data-widget_type=\"heading.default\">\n<div class=\"elementor-widget-container\">\n<h2 class=\"elementor-heading-title elementor-size-default\">CAT\u00c1LOGO<\/h2>\n<\/p><\/div>\n<\/p><\/div>\n<\/p><\/div>\n<\/p><\/div>\n<div class=\"elementor-column elementor-col-33 elementor-top-column elementor-element elementor-element-9655fb2\" data-id=\"9655fb2\" data-element_type=\"column\">\n<div class=\"elementor-widget-wrap elementor-element-populated\">\n<div class=\"elementor-element elementor-element-6375a99 elementor-invisible elementor-widget elementor-widget-image\" data-id=\"6375a99\" data-element_type=\"widget\" data-settings=\"{&quot;_animation&quot;:&quot;zoomIn&quot;}\" data-widget_type=\"image.default\">\n<div class=\"elementor-widget-container\">\n\t\t\t\t\t\t\t\t\t\t\t\t\t\t\t<img width=\"640\" height=\"604\" src=\"https:\/\/conjardines.com\/wp-content\/uploads\/2021\/04\/fonc.png\" class=\"attachment-large size-large\" alt=\"\" loading=\"lazy\" srcset=\"https:\/\/conjardines.com\/wp-content\/uploads\/2021\/04\/fonc.png 738w, https:\/\/conjardines.com\/wp-content\/uploads\/2021\/04\/fonc-300x283.png 300w, https:\/\/conjardines.com\/wp-content\/uploads\/2021\/04\/fonc-600x567.png 600w\" sizes=\"(max-width: 640px) 100vw, 640px\" \/>\t\t\t\t\t\t\t\t\t\t\t\t\t\t\t<\/div>\n<\/p><\/div>\n<\/p><\/div>\n<\/p><\/div>\n<div class=\"elementor-column elementor-col-33 elementor-top-column elementor-element elementor-element-53d71c7\" data-id=\"53d71c7\" data-element_type=\"column\">\n<div class=\"elementor-widget-wrap elementor-element-populated\">\n<div class=\"elementor-element elementor-element-34ebd153 elementor-widget elementor-widget-text-editor\" data-id=\"34ebd153\" data-element_type=\"widget\" data-widget_type=\"text-editor.default\">\n<div class=\"elementor-widget-container\">\n<p>El c\u00e9sped en la actualidad es un recurso que se utiliza para la decoraci\u00f3n externa e interna. La tendencia se enmarca en el c\u00e9sped sint\u00e9titico para el dise\u00f1o de interiores. Incluso el c\u00e9sped natutal se puede introducir para el cuidado de las mascotas.\u00a0<\/p>\n<\/p><\/div>\n<\/p><\/div>\n<\/p><\/div>\n<\/p><\/div>\n<\/p><\/div>\n<\/section>\n<section class=\"elementor-section elementor-top-section elementor-element elementor-element-e239733 elementor-section-content-middle elementor-section-boxed elementor-section-height-default elementor-section-height-default\" data-id=\"e239733\" data-element_type=\"section\">\n<div class=\"elementor-container elementor-column-gap-no\">\n<div class=\"elementor-column elementor-col-100 elementor-top-column elementor-element elementor-element-27cc1be6\" data-id=\"27cc1be6\" data-element_type=\"column\">\n<div class=\"elementor-widget-wrap elementor-element-populated\">\n<div class=\"elementor-element elementor-element-63c3c3ea elementor-widget elementor-widget-heading\" data-id=\"63c3c3ea\" data-element_type=\"widget\" data-widget_type=\"heading.default\">\n<div class=\"elementor-widget-container\">\n<h4 class=\"elementor-heading-title elementor-size-default\">C\u00e9sped<\/h4>\n<\/p><\/div>\n<\/p><\/div>\n<section class=\"elementor-section elementor-inner-section elementor-element elementor-element-3a4e595e elementor-section-content-middle elementor-section-boxed elementor-section-height-default elementor-section-height-default\" data-id=\"3a4e595e\" data-element_type=\"section\">\n<div class=\"elementor-container elementor-column-gap-no\">\n<div class=\"elementor-column elementor-col-50 elementor-inner-column elementor-element elementor-element-69c1d5bc\" data-id=\"69c1d5bc\" data-element_type=\"column\">\n<div class=\"elementor-widget-wrap elementor-element-populated\">\n<div class=\"elementor-element elementor-element-c278db8 elementor-widget elementor-widget-image\" data-id=\"c278db8\" data-element_type=\"widget\" data-widget_type=\"image.default\">\n<div class=\"elementor-widget-container\">\n\t\t\t\t\t\t\t\t\t\t\t\t\t\t\t\t<a href=\"https:\/\/conjardines.com\/index.php\/producto\/cesped-natural\/\"><br \/>\n\t\t\t\t\t\t\t<img width=\"250\" height=\"250\" src=\"https:\/\/conjardines.com\/wp-content\/uploads\/2025\/03\/Cesped-2.png\" class=\"attachment-large size-large\" alt=\"\" loading=\"lazy\" srcset=\"https:\/\/conjardines.com\/wp-content\/uploads\/2025\/03\/Cesped-2.png 250w, https:\/\/conjardines.com\/wp-content\/uploads\/2025\/03\/Cesped-2-150x150.png 150w, https:\/\/conjardines.com\/wp-content\/uploads\/2025\/03\/Cesped-2-100x100.png 100w\" sizes=\"(max-width: 250px) 100vw, 250px\" \/>\t\t\t\t\t\t\t\t<\/a>\n\t\t\t\t\t\t\t\t\t\t\t\t\t\t\t<\/div>\n<\/p><\/div>\n<div class=\"elementor-element elementor-element-6f49c7ed elementor-position-top elementor-vertical-align-top elementor-widget elementor-widget-image-box\" data-id=\"6f49c7ed\" data-element_type=\"widget\" data-widget_type=\"image-box.default\">\n<div class=\"elementor-widget-container\">\n<div class=\"elementor-image-box-wrapper\">\n<div class=\"elementor-image-box-content\">\n<h3 class=\"elementor-image-box-title\"><a href=\"https:\/\/conjardines.com\/index.php\/producto\/cesped-natural\/\">C\u00e9sped Natural<\/a><\/h3>\n<p class=\"elementor-image-box-description\">$1,80 + IVA m2 (4 tepes)<br \/>$ 2,00 + IVA m2 (1,70x0,40 cm)<br \/>\nSe entrega a domicilio (No incluye e el costo de transporte), se fija el valor seg\u00fan la ubicaci\u00f3n<\/p>\n<\/div>\n<\/div><\/div>\n<\/p><\/div>\n<\/p><\/div>\n<\/p><\/div>\n<div class=\"elementor-column elementor-col-50 elementor-inner-column elementor-element elementor-element-4ab007ca\" data-id=\"4ab007ca\" data-element_type=\"column\">\n<div class=\"elementor-widget-wrap elementor-element-populated\">\n<div class=\"elementor-element elementor-element-b813dc1 elementor-widget elementor-widget-image\" data-id=\"b813dc1\" data-element_type=\"widget\" data-widget_type=\"image.default\">\n<div class=\"elementor-widget-container\">\n\t\t\t\t\t\t\t\t\t\t\t\t\t\t\t\t<a href=\"https:\/\/conjardines.com\/index.php\/producto\/cesped-artificial\/\"><br \/>\n\t\t\t\t\t\t\t<img width=\"500\" height=\"500\" src=\"https:\/\/conjardines.com\/wp-content\/uploads\/2021\/03\/art.jpg\" class=\"attachment-large size-large\" alt=\"\" loading=\"lazy\" srcset=\"https:\/\/conjardines.com\/wp-content\/uploads\/2021\/03\/art.jpg 500w, https:\/\/conjardines.com\/wp-content\/uploads\/2021\/03\/art-300x300.jpg 300w, https:\/\/conjardines.com\/wp-content\/uploads\/2021\/03\/art-150x150.jpg 150w, https:\/\/conjardines.com\/wp-content\/uploads\/2021\/03\/art-100x100.jpg 100w\" sizes=\"(max-width: 500px) 100vw, 500px\" \/>\t\t\t\t\t\t\t\t<\/a>\n\t\t\t\t\t\t\t\t\t\t\t\t\t\t\t<\/div>\n<\/p><\/div>\n<div class=\"elementor-element elementor-element-41339c66 elementor-position-top elementor-vertical-align-top elementor-widget elementor-widget-image-box\" data-id=\"41339c66\" data-element_type=\"widget\" data-widget_type=\"image-box.default\">\n<div class=\"elementor-widget-container\">\n<div class=\"elementor-image-box-wrapper\">\n<div class=\"elementor-image-box-content\">\n<h3 class=\"elementor-image-box-title\">C\u00e9sped Artificial <\/h3>\n<p class=\"elementor-image-box-description\">Desde $ 10 el metro<\/p>\n<\/div>\n<\/div><\/div>\n<\/p><\/div>\n<\/p><\/div>\n<\/p><\/div>\n<\/p><\/div>\n<\/section>\n<section class=\"elementor-section elementor-inner-section elementor-element elementor-element-c91eeda elementor-section-content-middle elementor-section-boxed elementor-section-height-default elementor-section-height-default\" data-id=\"c91eeda\" data-element_type=\"section\">\n<div class=\"elementor-container elementor-column-gap-no\">\n<div class=\"elementor-column elementor-col-50 elementor-inner-column elementor-element elementor-element-28ff836\" data-id=\"28ff836\" data-element_type=\"column\">\n<div class=\"elementor-widget-wrap elementor-element-populated\">\n<div class=\"elementor-element elementor-element-4e16d69 elementor-widget elementor-widget-image\" data-id=\"4e16d69\" data-element_type=\"widget\" data-widget_type=\"image.default\">\n<div class=\"elementor-widget-container\">\n\t\t\t\t\t\t\t\t\t\t\t\t\t\t\t\t<a href=\"https:\/\/conjardines.com\/index.php\/producto\/cesped-artificial\/\"><br \/>\n\t\t\t\t\t\t\t<img width=\"640\" height=\"853\" src=\"https:\/\/conjardines.com\/wp-content\/uploads\/2025\/03\/CESPED-F.jpg\" class=\"attachment-large size-large\" alt=\"\" loading=\"lazy\" srcset=\"https:\/\/conjardines.com\/wp-content\/uploads\/2025\/03\/CESPED-F.jpg 720w, https:\/\/conjardines.com\/wp-content\/uploads\/2025\/03\/CESPED-F-225x300.jpg 225w, https:\/\/conjardines.com\/wp-content\/uploads\/2025\/03\/CESPED-F-600x800.jpg 600w\" sizes=\"(max-width: 640px) 100vw, 640px\" \/>\t\t\t\t\t\t\t\t<\/a>\n\t\t\t\t\t\t\t\t\t\t\t\t\t\t\t<\/div>\n<\/p><\/div>\n<div class=\"elementor-element elementor-element-35b8aea elementor-position-top elementor-vertical-align-top elementor-widget elementor-widget-image-box\" data-id=\"35b8aea\" data-element_type=\"widget\" data-widget_type=\"image-box.default\">\n<div class=\"elementor-widget-container\">\n<div class=\"elementor-image-box-wrapper\">\n<div class=\"elementor-image-box-content\">\n<h3 class=\"elementor-image-box-title\">C\u00e9sped Filipino<\/h3>\n<p class=\"elementor-image-box-description\">Desde $ 10  m2\n<\/p>\n<\/div>\n<\/div><\/div>\n<\/p><\/div>\n<\/p><\/div>\n<\/p><\/div>\n<div class=\"elementor-column elementor-col-50 elementor-inner-column elementor-element elementor-element-1bbd6cc\" data-id=\"1bbd6cc\" data-element_type=\"column\">\n<div class=\"elementor-widget-wrap\">\n\t\t\t\t\t\t\t\t\t<\/div>\n<\/p><\/div>\n<\/p><\/div>\n<\/section><\/div>\n<\/p><\/div>\n<\/p><\/div>\n<\/section><\/div>\n<\/p><\/div>\n","protected":false},"excerpt":{"rendered":"<p>CAT\u00c1LOGO El c\u00e9sped en la actualidad es un recurso que se utiliza para la decoraci\u00f3n externa e interna. La tendencia se enmarca en el c\u00e9sped sint\u00e9titico para el dise\u00f1o de interiores. Incluso el c\u00e9sped natutal se puede introducir para el cuidado de las mascotas.\u00a0 C\u00e9sped C\u00e9sped Natural $1,80 + IVA [&hellip;]<\/p>\n","protected":false},"author":2,"featured_media":0,"parent":0,"menu_order":0,"comment_status":"closed","ping_status":"closed","template":"page-templates\/full-width-container.php","meta":[],"uagb_featured_image_src":{"full":false,"thumbnail":false,"medium":false,"medium_large":false,"large":false,"elegant_blocks_team_1":false,"elegant_blocks_blog_1":false,"elegant_blocks_slider_1":false,"1536x1536":false,"2048x2048":false,"bizberg_medium":false,"bizberg_gallery":false,"bizberg_blog_list":false,"bizberg_detail_image":false,"bizberg_detail_image_no_sidebar":false,"bizberg_portfolio_homepage":false,"bizberg_blog_list_no_sidebar_1":false,"woocommerce_thumbnail":false,"woocommerce_single":false,"woocommerce_gallery_thumbnail":false,"shop_catalog":false,"shop_single":false,"shop_thumbnail":false},"uagb_author_info":{"display_name":"Luis Yumi","author_link":"https:\/\/conjardines.com\/index.php\/author\/luisyumi\/"},"uagb_comment_info":0,"uagb_excerpt":"CAT\u00c1LOGO El c\u00e9sped en la actualidad es un recurso que se utiliza para la decoraci\u00f3n externa e interna. La tendencia se enmarca en el c\u00e9sped sint\u00e9titico para el dise\u00f1o de interiores. Incluso el c\u00e9sped natutal se puede introducir para el cuidado de las mascotas.\u00a0 C\u00e9sped C\u00e9sped Natural $1,80 + IVA [&hellip;]","_links":{"self":[{"href":"https:\/\/conjardines.com\/index.php\/wp-json\/wp\/v2\/pages\/5110"}],"collection":[{"href":"https:\/\/conjardines.com\/index.php\/wp-json\/wp\/v2\/pages"}],"about":[{"href":"https:\/\/conjardines.com\/index.php\/wp-json\/wp\/v2\/types\/page"}],"author":[{"embeddable":true,"href":"https:\/\/conjardines.com\/index.php\/wp-json\/wp\/v2\/users\/2"}],"replies":[{"embeddable":true,"href":"https:\/\/conjardines.com\/index.php\/wp-json\/wp\/v2\/comments?post=5110"}],"version-history":[{"count":94,"href":"https:\/\/conjardines.com\/index.php\/wp-json\/wp\/v2\/pages\/5110\/revisions"}],"predecessor-version":[{"id":10289,"href":"https:\/\/conjardines.com\/index.php\/wp-json\/wp\/v2\/pages\/5110\/revisions\/10289"}],"wp:attachment":[{"href":"https:\/\/conjardines.com\/index.php\/wp-json\/wp\/v2\/media?parent=5110"}],"curies":[{"name":"wp","href":"https:\/\/api.w.org\/{rel}","templated":true}]}}