{"id":4756,"date":"2021-03-25T16:09:30","date_gmt":"2021-03-25T21:09:30","guid":{"rendered":"https:\/\/conjardines.com\/?page_id=4756"},"modified":"2025-03-11T10:30:48","modified_gmt":"2025-03-11T15:30:48","slug":"feng-shui-2","status":"publish","type":"page","link":"https:\/\/conjardines.com\/index.php\/feng-shui-2\/","title":{"rendered":"Feng Shui"},"content":{"rendered":"\n<div data-elementor-type=\"wp-page\" data-elementor-id=\"4756\" class=\"elementor elementor-4756\" data-elementor-settings=\"[]\">\n<div class=\"elementor-section-wrap\">\n<section class=\"elementor-section elementor-top-section elementor-element elementor-element-727f600e elementor-section-height-min-height elementor-section-content-middle elementor-section-stretched elementor-section-boxed elementor-section-height-default elementor-section-items-middle\" data-id=\"727f600e\" data-element_type=\"section\" data-settings=\"{&quot;background_background&quot;:&quot;classic&quot;,&quot;stretch_section&quot;:&quot;section-stretched&quot;}\">\n<div class=\"elementor-background-overlay\"><\/div>\n<div class=\"elementor-container elementor-column-gap-default\">\n<div class=\"elementor-column elementor-col-33 elementor-top-column elementor-element elementor-element-226db9d2\" data-id=\"226db9d2\" data-element_type=\"column\">\n<div class=\"elementor-widget-wrap elementor-element-populated\">\n<div class=\"elementor-element elementor-element-68abefdb elementor-widget elementor-widget-heading\" data-id=\"68abefdb\" data-element_type=\"widget\" data-widget_type=\"heading.default\">\n<div class=\"elementor-widget-container\">\n<h1 class=\"elementor-heading-title elementor-size-default\">La Orientaci\u00f3n y el Dise\u00f1o son claves donde VIVIMOS<\/h1>\n<\/p><\/div>\n<\/p><\/div>\n<\/p><\/div>\n<\/p><\/div>\n<div class=\"elementor-column elementor-col-33 elementor-top-column elementor-element elementor-element-454bb7b\" data-id=\"454bb7b\" data-element_type=\"column\">\n<div class=\"elementor-widget-wrap elementor-element-populated\">\n<div class=\"elementor-element elementor-element-c9db401 elementor-invisible elementor-widget elementor-widget-image\" data-id=\"c9db401\" data-element_type=\"widget\" data-settings=\"{&quot;_animation&quot;:&quot;zoomIn&quot;}\" data-widget_type=\"image.default\">\n<div class=\"elementor-widget-container\">\n\t\t\t\t\t\t\t\t\t\t\t\t\t\t\t<img width=\"640\" height=\"632\" src=\"https:\/\/conjardines.com\/wp-content\/uploads\/2021\/04\/fen.png\" class=\"attachment-large size-large\" alt=\"\" loading=\"lazy\" srcset=\"https:\/\/conjardines.com\/wp-content\/uploads\/2021\/04\/fen.png 699w, https:\/\/conjardines.com\/wp-content\/uploads\/2021\/04\/fen-300x296.png 300w, https:\/\/conjardines.com\/wp-content\/uploads\/2021\/04\/fen-600x592.png 600w, https:\/\/conjardines.com\/wp-content\/uploads\/2021\/04\/fen-100x100.png 100w\" sizes=\"(max-width: 640px) 100vw, 640px\" \/>\t\t\t\t\t\t\t\t\t\t\t\t\t\t\t<\/div>\n<\/p><\/div>\n<\/p><\/div>\n<\/p><\/div>\n<div class=\"elementor-column elementor-col-33 elementor-top-column elementor-element elementor-element-d989fec\" data-id=\"d989fec\" data-element_type=\"column\">\n<div class=\"elementor-widget-wrap elementor-element-populated\">\n<div class=\"elementor-element elementor-element-5809c12f elementor-widget elementor-widget-text-editor\" data-id=\"5809c12f\" data-element_type=\"widget\" data-widget_type=\"text-editor.default\">\n<div class=\"elementor-widget-container\">\n<p style=\"text-align: right;\">Seg\u00fan las ense\u00f1anzas de los maestros chinos, esta t\u00e9cnica integra: <em><strong>SALUS, PAZ INTERIOR, FELECIDAD, PROSPERIDAD y PLENITUD<\/strong><\/em><\/p>\n<\/p><\/div>\n<\/p><\/div>\n<\/p><\/div>\n<\/p><\/div>\n<\/p><\/div>\n<\/section>\n<section class=\"elementor-section elementor-top-section elementor-element elementor-element-1ed5a07b elementor-section-content-middle elementor-section-boxed elementor-section-height-default elementor-section-height-default\" data-id=\"1ed5a07b\" data-element_type=\"section\">\n<div class=\"elementor-container elementor-column-gap-no\">\n<div class=\"elementor-column elementor-col-100 elementor-top-column elementor-element elementor-element-719bce15\" data-id=\"719bce15\" data-element_type=\"column\">\n<div class=\"elementor-widget-wrap elementor-element-populated\">\n<div class=\"elementor-element elementor-element-388ef453 elementor-widget elementor-widget-heading\" data-id=\"388ef453\" data-element_type=\"widget\" data-widget_type=\"heading.default\">\n<div class=\"elementor-widget-container\">\n\t\t\t<span class=\"elementor-heading-title elementor-size-default\">Los elementos del Feng Shui: FUEGO, AGUA, TIERRA, METAL y MADERA<\/span>\t\t<\/div>\n<\/p><\/div>\n<section class=\"elementor-section elementor-inner-section elementor-element elementor-element-194e5284 elementor-section-content-middle elementor-section-boxed elementor-section-height-default elementor-section-height-default\" data-id=\"194e5284\" data-element_type=\"section\">\n<div class=\"elementor-container elementor-column-gap-no\">\n<div class=\"elementor-column elementor-col-33 elementor-inner-column elementor-element elementor-element-5747ae3f\" data-id=\"5747ae3f\" data-element_type=\"column\">\n<div class=\"elementor-widget-wrap elementor-element-populated\">\n<div class=\"elementor-element elementor-element-4583e48 elementor-widget elementor-widget-image\" data-id=\"4583e48\" data-element_type=\"widget\" data-widget_type=\"image.default\">\n<div class=\"elementor-widget-container\">\n\t\t\t\t\t\t\t\t\t\t\t\t\t\t\t\t<a href=\"https:\/\/conjardines.com\/index.php\/producto\/fuego\/\"><br \/>\n\t\t\t\t\t\t\t<img width=\"640\" height=\"640\" src=\"https:\/\/conjardines.com\/wp-content\/uploads\/2021\/04\/fug.jpg\" class=\"attachment-large size-large\" alt=\"\" loading=\"lazy\" srcset=\"https:\/\/conjardines.com\/wp-content\/uploads\/2021\/04\/fug.jpg 720w, https:\/\/conjardines.com\/wp-content\/uploads\/2021\/04\/fug-300x300.jpg 300w, https:\/\/conjardines.com\/wp-content\/uploads\/2021\/04\/fug-150x150.jpg 150w, https:\/\/conjardines.com\/wp-content\/uploads\/2021\/04\/fug-500x500.jpg 500w, https:\/\/conjardines.com\/wp-content\/uploads\/2021\/04\/fug-600x600.jpg 600w, https:\/\/conjardines.com\/wp-content\/uploads\/2021\/04\/fug-100x100.jpg 100w\" sizes=\"(max-width: 640px) 100vw, 640px\" \/>\t\t\t\t\t\t\t\t<\/a>\n\t\t\t\t\t\t\t\t\t\t\t\t\t\t\t<\/div>\n<\/p><\/div>\n<div class=\"elementor-element elementor-element-5a0f73f9 elementor-position-top elementor-vertical-align-top elementor-widget elementor-widget-image-box\" data-id=\"5a0f73f9\" data-element_type=\"widget\" data-widget_type=\"image-box.default\">\n<div class=\"elementor-widget-container\">\n<div class=\"elementor-image-box-wrapper\">\n<div class=\"elementor-image-box-content\">\n<h3 class=\"elementor-image-box-title\">Fuego (Iluminaci\u00f3n)<\/h3>\n<p class=\"elementor-image-box-description\">$0,00<\/p>\n<\/div>\n<\/div><\/div>\n<\/p><\/div>\n<\/p><\/div>\n<\/p><\/div>\n<div class=\"elementor-column elementor-col-33 elementor-inner-column elementor-element elementor-element-272aa388\" data-id=\"272aa388\" data-element_type=\"column\">\n<div class=\"elementor-widget-wrap elementor-element-populated\">\n<div class=\"elementor-element elementor-element-f1983b4 elementor-widget elementor-widget-image\" data-id=\"f1983b4\" data-element_type=\"widget\" data-widget_type=\"image.default\">\n<div class=\"elementor-widget-container\">\n\t\t\t\t\t\t\t\t\t\t\t\t\t\t\t\t<a href=\"https:\/\/conjardines.com\/index.php\/producto\/fuente\/\"><br \/>\n\t\t\t\t\t\t\t<img width=\"640\" height=\"640\" src=\"https:\/\/conjardines.com\/wp-content\/uploads\/2021\/04\/fme.jpg\" class=\"attachment-large size-large\" alt=\"\" loading=\"lazy\" srcset=\"https:\/\/conjardines.com\/wp-content\/uploads\/2021\/04\/fme.jpg 720w, https:\/\/conjardines.com\/wp-content\/uploads\/2021\/04\/fme-300x300.jpg 300w, https:\/\/conjardines.com\/wp-content\/uploads\/2021\/04\/fme-150x150.jpg 150w, https:\/\/conjardines.com\/wp-content\/uploads\/2021\/04\/fme-500x500.jpg 500w, https:\/\/conjardines.com\/wp-content\/uploads\/2021\/04\/fme-600x600.jpg 600w, https:\/\/conjardines.com\/wp-content\/uploads\/2021\/04\/fme-100x100.jpg 100w\" sizes=\"(max-width: 640px) 100vw, 640px\" \/>\t\t\t\t\t\t\t\t<\/a>\n\t\t\t\t\t\t\t\t\t\t\t\t\t\t\t<\/div>\n<\/p><\/div>\n<div class=\"elementor-element elementor-element-59edd3ea elementor-position-top elementor-vertical-align-top elementor-widget elementor-widget-image-box\" data-id=\"59edd3ea\" data-element_type=\"widget\" data-widget_type=\"image-box.default\">\n<div class=\"elementor-widget-container\">\n<div class=\"elementor-image-box-wrapper\">\n<div class=\"elementor-image-box-content\">\n<h3 class=\"elementor-image-box-title\">Metal (Fuente)<\/h3>\n<p class=\"elementor-image-box-description\">$0,00<\/p>\n<\/div>\n<\/div><\/div>\n<\/p><\/div>\n<\/p><\/div>\n<\/p><\/div>\n<div class=\"elementor-column elementor-col-33 elementor-inner-column elementor-element elementor-element-26f315c3\" data-id=\"26f315c3\" data-element_type=\"column\">\n<div class=\"elementor-widget-wrap elementor-element-populated\">\n<div class=\"elementor-element elementor-element-76b0178 elementor-widget elementor-widget-image\" data-id=\"76b0178\" data-element_type=\"widget\" data-widget_type=\"image.default\">\n<div class=\"elementor-widget-container\">\n\t\t\t\t\t\t\t\t\t\t\t\t\t\t\t\t<a href=\"https:\/\/conjardines.com\/index.php\/producto\/buda-decoracion\/\"><br \/>\n\t\t\t\t\t\t\t<img width=\"640\" height=\"640\" src=\"https:\/\/conjardines.com\/wp-content\/uploads\/2021\/04\/buda.jpg\" class=\"attachment-large size-large\" alt=\"\" loading=\"lazy\" srcset=\"https:\/\/conjardines.com\/wp-content\/uploads\/2021\/04\/buda.jpg 720w, https:\/\/conjardines.com\/wp-content\/uploads\/2021\/04\/buda-300x300.jpg 300w, https:\/\/conjardines.com\/wp-content\/uploads\/2021\/04\/buda-150x150.jpg 150w, https:\/\/conjardines.com\/wp-content\/uploads\/2021\/04\/buda-500x500.jpg 500w, https:\/\/conjardines.com\/wp-content\/uploads\/2021\/04\/buda-600x600.jpg 600w, https:\/\/conjardines.com\/wp-content\/uploads\/2021\/04\/buda-100x100.jpg 100w\" sizes=\"(max-width: 640px) 100vw, 640px\" \/>\t\t\t\t\t\t\t\t<\/a>\n\t\t\t\t\t\t\t\t\t\t\t\t\t\t\t<\/div>\n<\/p><\/div>\n<div class=\"elementor-element elementor-element-02e8932 elementor-position-top elementor-vertical-align-top elementor-widget elementor-widget-image-box\" data-id=\"02e8932\" data-element_type=\"widget\" data-widget_type=\"image-box.default\">\n<div class=\"elementor-widget-container\">\n<div class=\"elementor-image-box-wrapper\">\n<div class=\"elementor-image-box-content\">\n<h3 class=\"elementor-image-box-title\">Tierra (Escultura Buda)<\/h3>\n<p class=\"elementor-image-box-description\">Desde $300,00<\/p>\n<\/div>\n<\/div><\/div>\n<\/p><\/div>\n<\/p><\/div>\n<\/p><\/div>\n<\/p><\/div>\n<\/section>\n<section class=\"elementor-section elementor-inner-section elementor-element elementor-element-c353859 elementor-section-content-middle elementor-section-boxed elementor-section-height-default elementor-section-height-default\" data-id=\"c353859\" data-element_type=\"section\">\n<div class=\"elementor-container elementor-column-gap-no\">\n<div class=\"elementor-column elementor-col-33 elementor-inner-column elementor-element elementor-element-81916a3\" data-id=\"81916a3\" data-element_type=\"column\">\n<div class=\"elementor-widget-wrap elementor-element-populated\">\n<div class=\"elementor-element elementor-element-27c488c elementor-widget elementor-widget-image\" data-id=\"27c488c\" data-element_type=\"widget\" data-widget_type=\"image.default\">\n<div class=\"elementor-widget-container\">\n\t\t\t\t\t\t\t\t\t\t\t\t\t\t\t\t<a href=\"https:\/\/conjardines.com\/index.php\/producto\/cascada\/\"><br \/>\n\t\t\t\t\t\t\t<img width=\"640\" height=\"640\" src=\"https:\/\/conjardines.com\/wp-content\/uploads\/2021\/04\/casc.jpg\" class=\"attachment-large size-large\" alt=\"\" loading=\"lazy\" srcset=\"https:\/\/conjardines.com\/wp-content\/uploads\/2021\/04\/casc.jpg 720w, https:\/\/conjardines.com\/wp-content\/uploads\/2021\/04\/casc-300x300.jpg 300w, https:\/\/conjardines.com\/wp-content\/uploads\/2021\/04\/casc-150x150.jpg 150w, https:\/\/conjardines.com\/wp-content\/uploads\/2021\/04\/casc-500x500.jpg 500w, https:\/\/conjardines.com\/wp-content\/uploads\/2021\/04\/casc-600x600.jpg 600w, https:\/\/conjardines.com\/wp-content\/uploads\/2021\/04\/casc-100x100.jpg 100w\" sizes=\"(max-width: 640px) 100vw, 640px\" \/>\t\t\t\t\t\t\t\t<\/a>\n\t\t\t\t\t\t\t\t\t\t\t\t\t\t\t<\/div>\n<\/p><\/div>\n<div class=\"elementor-element elementor-element-e1a4f28 elementor-position-top elementor-vertical-align-top elementor-widget elementor-widget-image-box\" data-id=\"e1a4f28\" data-element_type=\"widget\" data-widget_type=\"image-box.default\">\n<div class=\"elementor-widget-container\">\n<div class=\"elementor-image-box-wrapper\">\n<div class=\"elementor-image-box-content\">\n<h3 class=\"elementor-image-box-title\">Agua (Cascada)<\/h3>\n<p class=\"elementor-image-box-description\">Desde $50,00<\/p>\n<\/div>\n<\/div><\/div>\n<\/p><\/div>\n<\/p><\/div>\n<\/p><\/div>\n<div class=\"elementor-column elementor-col-33 elementor-inner-column elementor-element elementor-element-458d510\" data-id=\"458d510\" data-element_type=\"column\">\n<div class=\"elementor-widget-wrap elementor-element-populated\">\n<div class=\"elementor-element elementor-element-4ef7f3d elementor-widget elementor-widget-image\" data-id=\"4ef7f3d\" data-element_type=\"widget\" data-widget_type=\"image.default\">\n<div class=\"elementor-widget-container\">\n\t\t\t\t\t\t\t\t\t\t\t\t\t\t\t\t<a href=\"https:\/\/conjardines.com\/index.php\/producto\/bambu\/\"><br \/>\n\t\t\t\t\t\t\t<img width=\"640\" height=\"640\" src=\"https:\/\/conjardines.com\/wp-content\/uploads\/2021\/04\/bab.jpg\" class=\"attachment-large size-large\" alt=\"\" loading=\"lazy\" srcset=\"https:\/\/conjardines.com\/wp-content\/uploads\/2021\/04\/bab.jpg 720w, https:\/\/conjardines.com\/wp-content\/uploads\/2021\/04\/bab-300x300.jpg 300w, https:\/\/conjardines.com\/wp-content\/uploads\/2021\/04\/bab-150x150.jpg 150w, https:\/\/conjardines.com\/wp-content\/uploads\/2021\/04\/bab-500x500.jpg 500w, https:\/\/conjardines.com\/wp-content\/uploads\/2021\/04\/bab-600x600.jpg 600w, https:\/\/conjardines.com\/wp-content\/uploads\/2021\/04\/bab-100x100.jpg 100w\" sizes=\"(max-width: 640px) 100vw, 640px\" \/>\t\t\t\t\t\t\t\t<\/a>\n\t\t\t\t\t\t\t\t\t\t\t\t\t\t\t<\/div>\n<\/p><\/div>\n<div class=\"elementor-element elementor-element-10588c3 elementor-position-top elementor-vertical-align-top elementor-widget elementor-widget-image-box\" data-id=\"10588c3\" data-element_type=\"widget\" data-widget_type=\"image-box.default\">\n<div class=\"elementor-widget-container\">\n<div class=\"elementor-image-box-wrapper\">\n<div class=\"elementor-image-box-content\">\n<h3 class=\"elementor-image-box-title\">Madera (Bamb\u00fa)<\/h3>\n<p class=\"elementor-image-box-description\">$15,00\n<\/p>\n<\/div>\n<\/div><\/div>\n<\/p><\/div>\n<\/p><\/div>\n<\/p><\/div>\n<div class=\"elementor-column elementor-col-33 elementor-inner-column elementor-element elementor-element-4444843\" data-id=\"4444843\" data-element_type=\"column\">\n<div class=\"elementor-widget-wrap\">\n\t\t\t\t\t\t\t\t\t<\/div>\n<\/p><\/div>\n<\/p><\/div>\n<\/section><\/div>\n<\/p><\/div>\n<\/p><\/div>\n<\/section><\/div>\n<\/p><\/div>\n","protected":false},"excerpt":{"rendered":"<p>La Orientaci\u00f3n y el Dise\u00f1o son claves donde VIVIMOS Seg\u00fan las ense\u00f1anzas de los maestros chinos, esta t\u00e9cnica integra: SALUS, PAZ INTERIOR, FELECIDAD, PROSPERIDAD y PLENITUD Los elementos del Feng Shui: FUEGO, AGUA, TIERRA, METAL y MADERA Fuego (Iluminaci\u00f3n) $0,00 Metal (Fuente) $0,00 Tierra (Escultura Buda) Desde $300,00 Agua (Cascada) [&hellip;]<\/p>\n","protected":false},"author":2,"featured_media":0,"parent":0,"menu_order":0,"comment_status":"closed","ping_status":"closed","template":"page-templates\/full-width-container.php","meta":[],"uagb_featured_image_src":{"full":false,"thumbnail":false,"medium":false,"medium_large":false,"large":false,"elegant_blocks_team_1":false,"elegant_blocks_blog_1":false,"elegant_blocks_slider_1":false,"1536x1536":false,"2048x2048":false,"bizberg_medium":false,"bizberg_gallery":false,"bizberg_blog_list":false,"bizberg_detail_image":false,"bizberg_detail_image_no_sidebar":false,"bizberg_portfolio_homepage":false,"bizberg_blog_list_no_sidebar_1":false,"woocommerce_thumbnail":false,"woocommerce_single":false,"woocommerce_gallery_thumbnail":false,"shop_catalog":false,"shop_single":false,"shop_thumbnail":false},"uagb_author_info":{"display_name":"Luis Yumi","author_link":"https:\/\/conjardines.com\/index.php\/author\/luisyumi\/"},"uagb_comment_info":0,"uagb_excerpt":"La Orientaci\u00f3n y el Dise\u00f1o son claves donde VIVIMOS Seg\u00fan las ense\u00f1anzas de los maestros chinos, esta t\u00e9cnica integra: SALUS, PAZ INTERIOR, FELECIDAD, PROSPERIDAD y PLENITUD Los elementos del Feng Shui: FUEGO, AGUA, TIERRA, METAL y MADERA Fuego (Iluminaci\u00f3n) $0,00 Metal (Fuente) $0,00 Tierra (Escultura Buda) Desde $300,00 Agua (Cascada) [&hellip;]","_links":{"self":[{"href":"https:\/\/conjardines.com\/index.php\/wp-json\/wp\/v2\/pages\/4756"}],"collection":[{"href":"https:\/\/conjardines.com\/index.php\/wp-json\/wp\/v2\/pages"}],"about":[{"href":"https:\/\/conjardines.com\/index.php\/wp-json\/wp\/v2\/types\/page"}],"author":[{"embeddable":true,"href":"https:\/\/conjardines.com\/index.php\/wp-json\/wp\/v2\/users\/2"}],"replies":[{"embeddable":true,"href":"https:\/\/conjardines.com\/index.php\/wp-json\/wp\/v2\/comments?post=4756"}],"version-history":[{"count":94,"href":"https:\/\/conjardines.com\/index.php\/wp-json\/wp\/v2\/pages\/4756\/revisions"}],"predecessor-version":[{"id":10138,"href":"https:\/\/conjardines.com\/index.php\/wp-json\/wp\/v2\/pages\/4756\/revisions\/10138"}],"wp:attachment":[{"href":"https:\/\/conjardines.com\/index.php\/wp-json\/wp\/v2\/media?parent=4756"}],"curies":[{"name":"wp","href":"https:\/\/api.w.org\/{rel}","templated":true}]}}