{"id":4726,"date":"2021-03-25T15:34:18","date_gmt":"2021-03-25T20:34:18","guid":{"rendered":"https:\/\/conjardines.com\/?page_id=4726"},"modified":"2026-03-11T15:42:51","modified_gmt":"2026-03-11T20:42:51","slug":"geotextil-no-tejido-segmento-jardineria-paisajismo","status":"publish","type":"page","link":"https:\/\/conjardines.com\/index.php\/geotextil-no-tejido-segmento-jardineria-paisajismo\/","title":{"rendered":"Geotextil No Tejido Por Metros"},"content":{"rendered":"\n<div data-elementor-type=\"wp-page\" data-elementor-id=\"4726\" class=\"elementor elementor-4726\" data-elementor-settings=\"[]\">\n<div class=\"elementor-section-wrap\">\n<section class=\"elementor-section elementor-top-section elementor-element elementor-element-94df45a elementor-section-content-middle elementor-section-stretched elementor-section-boxed elementor-section-height-default elementor-section-height-default\" data-id=\"94df45a\" data-element_type=\"section\" data-settings=\"{&quot;background_background&quot;:&quot;classic&quot;,&quot;stretch_section&quot;:&quot;section-stretched&quot;}\">\n<div class=\"elementor-background-overlay\"><\/div>\n<div class=\"elementor-container elementor-column-gap-no\">\n<div class=\"elementor-column elementor-col-100 elementor-top-column elementor-element elementor-element-57e64e8\" data-id=\"57e64e8\" data-element_type=\"column\" data-settings=\"{&quot;background_background&quot;:&quot;slideshow&quot;,&quot;background_slideshow_gallery&quot;:[],&quot;background_slideshow_loop&quot;:&quot;yes&quot;,&quot;background_slideshow_slide_duration&quot;:5000,&quot;background_slideshow_slide_transition&quot;:&quot;fade&quot;,&quot;background_slideshow_transition_duration&quot;:500}\">\n<div class=\"elementor-widget-wrap elementor-element-populated\">\n<div class=\"elementor-element elementor-element-e4d54c4 elementor-widget elementor-widget-heading\" data-id=\"e4d54c4\" data-element_type=\"widget\" data-widget_type=\"heading.default\">\n<div class=\"elementor-widget-container\">\n<h4 class=\"elementor-heading-title elementor-size-default\">GEOTEXTIL NO TEJIDO<\/h4>\n<\/p><\/div>\n<\/p><\/div>\n<\/p><\/div>\n<\/p><\/div>\n<\/p><\/div>\n<\/section>\n<section class=\"elementor-section elementor-top-section elementor-element elementor-element-66223592 elementor-section-content-middle elementor-section-boxed elementor-section-height-default elementor-section-height-default\" data-id=\"66223592\" data-element_type=\"section\">\n<div class=\"elementor-container elementor-column-gap-no\">\n<div class=\"elementor-column elementor-col-100 elementor-top-column elementor-element elementor-element-63650742\" data-id=\"63650742\" data-element_type=\"column\">\n<div class=\"elementor-widget-wrap elementor-element-populated\">\n<section class=\"elementor-section elementor-inner-section elementor-element elementor-element-3b52a363 elementor-section-content-middle elementor-section-boxed elementor-section-height-default elementor-section-height-default\" data-id=\"3b52a363\" data-element_type=\"section\">\n<div class=\"elementor-container elementor-column-gap-no\">\n<div class=\"elementor-column elementor-col-33 elementor-inner-column elementor-element elementor-element-7ecd2ab\" data-id=\"7ecd2ab\" data-element_type=\"column\">\n<div class=\"elementor-widget-wrap elementor-element-populated\">\n<div class=\"elementor-element elementor-element-801775c elementor-widget elementor-widget-heading\" data-id=\"801775c\" data-element_type=\"widget\" data-widget_type=\"heading.default\">\n<div class=\"elementor-widget-container\">\n<h2 class=\"elementor-heading-title elementor-size-default\">Juan Per\u00e9z<\/h2>\n<\/p><\/div>\n<\/p><\/div>\n<div class=\"elementor-element elementor-element-12e76b0 elementor-widget elementor-widget-image\" data-id=\"12e76b0\" data-element_type=\"widget\" data-widget_type=\"image.default\">\n<div class=\"elementor-widget-container\">\n\t\t\t\t\t\t\t\t\t\t\t\t\t\t\t<img width=\"500\" height=\"500\" src=\"https:\/\/conjardines.com\/wp-content\/uploads\/2021\/05\/pes1.jpg\" class=\"attachment-large size-large\" alt=\"\" loading=\"lazy\" srcset=\"https:\/\/conjardines.com\/wp-content\/uploads\/2021\/05\/pes1.jpg 500w, https:\/\/conjardines.com\/wp-content\/uploads\/2021\/05\/pes1-300x300.jpg 300w, https:\/\/conjardines.com\/wp-content\/uploads\/2021\/05\/pes1-150x150.jpg 150w, https:\/\/conjardines.com\/wp-content\/uploads\/2021\/05\/pes1-100x100.jpg 100w\" sizes=\"(max-width: 500px) 100vw, 500px\" \/>\t\t\t\t\t\t\t\t\t\t\t\t\t\t\t<\/div>\n<\/p><\/div>\n<\/p><\/div>\n<\/p><\/div>\n<div class=\"elementor-column elementor-col-33 elementor-inner-column elementor-element elementor-element-7d66cc38\" data-id=\"7d66cc38\" data-element_type=\"column\">\n<div class=\"elementor-widget-wrap elementor-element-populated\">\n<div class=\"elementor-element elementor-element-5c41ead elementor-widget elementor-widget-heading\" data-id=\"5c41ead\" data-element_type=\"widget\" data-widget_type=\"heading.default\">\n<div class=\"elementor-widget-container\">\n<h2 class=\"elementor-heading-title elementor-size-default\">Cam\u00edla Ordo\u00f1ez<\/h2>\n<\/p><\/div>\n<\/p><\/div>\n<div class=\"elementor-element elementor-element-1537c59 elementor-widget elementor-widget-image\" data-id=\"1537c59\" data-element_type=\"widget\" data-widget_type=\"image.default\">\n<div class=\"elementor-widget-container\">\n\t\t\t\t\t\t\t\t\t\t\t\t\t\t\t<img width=\"500\" height=\"500\" src=\"https:\/\/conjardines.com\/wp-content\/uploads\/2021\/05\/pes2.jpg\" class=\"attachment-large size-large\" alt=\"\" loading=\"lazy\" srcset=\"https:\/\/conjardines.com\/wp-content\/uploads\/2021\/05\/pes2.jpg 500w, https:\/\/conjardines.com\/wp-content\/uploads\/2021\/05\/pes2-300x300.jpg 300w, https:\/\/conjardines.com\/wp-content\/uploads\/2021\/05\/pes2-150x150.jpg 150w, https:\/\/conjardines.com\/wp-content\/uploads\/2021\/05\/pes2-100x100.jpg 100w\" sizes=\"(max-width: 500px) 100vw, 500px\" \/>\t\t\t\t\t\t\t\t\t\t\t\t\t\t\t<\/div>\n<\/p><\/div>\n<\/p><\/div>\n<\/p><\/div>\n<div class=\"elementor-column elementor-col-33 elementor-inner-column elementor-element elementor-element-24755e05\" data-id=\"24755e05\" data-element_type=\"column\">\n<div class=\"elementor-widget-wrap elementor-element-populated\">\n<div class=\"elementor-element elementor-element-bcaf290 elementor-widget elementor-widget-heading\" data-id=\"bcaf290\" data-element_type=\"widget\" data-widget_type=\"heading.default\">\n<div class=\"elementor-widget-container\">\n<h2 class=\"elementor-heading-title elementor-size-default\">Alexandra Sandoval<\/h2>\n<\/p><\/div>\n<\/p><\/div>\n<div class=\"elementor-element elementor-element-d7a78e6 elementor-widget elementor-widget-image\" data-id=\"d7a78e6\" data-element_type=\"widget\" data-widget_type=\"image.default\">\n<div class=\"elementor-widget-container\">\n\t\t\t\t\t\t\t\t\t\t\t\t\t\t\t<img width=\"500\" height=\"500\" src=\"https:\/\/conjardines.com\/wp-content\/uploads\/2021\/05\/pes3.jpg\" class=\"attachment-large size-large\" alt=\"\" loading=\"lazy\" srcset=\"https:\/\/conjardines.com\/wp-content\/uploads\/2021\/05\/pes3.jpg 500w, https:\/\/conjardines.com\/wp-content\/uploads\/2021\/05\/pes3-300x300.jpg 300w, https:\/\/conjardines.com\/wp-content\/uploads\/2021\/05\/pes3-150x150.jpg 150w, https:\/\/conjardines.com\/wp-content\/uploads\/2021\/05\/pes3-100x100.jpg 100w\" sizes=\"(max-width: 500px) 100vw, 500px\" \/>\t\t\t\t\t\t\t\t\t\t\t\t\t\t\t<\/div>\n<\/p><\/div>\n<\/p><\/div>\n<\/p><\/div>\n<\/p><\/div>\n<\/section><\/div>\n<\/p><\/div>\n<\/p><\/div>\n<\/section><\/div>\n<\/p><\/div>\n","protected":false},"excerpt":{"rendered":"<p>GEOTEXTIL NO TEJIDO Juan Per\u00e9z Cam\u00edla Ordo\u00f1ez Alexandra Sandoval<\/p>\n","protected":false},"author":2,"featured_media":0,"parent":0,"menu_order":0,"comment_status":"closed","ping_status":"closed","template":"page-templates\/full-width-container.php","meta":[],"uagb_featured_image_src":{"full":false,"thumbnail":false,"medium":false,"medium_large":false,"large":false,"elegant_blocks_team_1":false,"elegant_blocks_blog_1":false,"elegant_blocks_slider_1":false,"1536x1536":false,"2048x2048":false,"bizberg_medium":false,"bizberg_gallery":false,"bizberg_blog_list":false,"bizberg_detail_image":false,"bizberg_detail_image_no_sidebar":false,"bizberg_portfolio_homepage":false,"bizberg_blog_list_no_sidebar_1":false,"woocommerce_thumbnail":false,"woocommerce_single":false,"woocommerce_gallery_thumbnail":false,"shop_catalog":false,"shop_single":false,"shop_thumbnail":false},"uagb_author_info":{"display_name":"Luis Yumi","author_link":"https:\/\/conjardines.com\/index.php\/author\/luisyumi\/"},"uagb_comment_info":0,"uagb_excerpt":"GEOTEXTIL NO TEJIDO Juan Per\u00e9z Cam\u00edla Ordo\u00f1ez Alexandra Sandoval","_links":{"self":[{"href":"https:\/\/conjardines.com\/index.php\/wp-json\/wp\/v2\/pages\/4726"}],"collection":[{"href":"https:\/\/conjardines.com\/index.php\/wp-json\/wp\/v2\/pages"}],"about":[{"href":"https:\/\/conjardines.com\/index.php\/wp-json\/wp\/v2\/types\/page"}],"author":[{"embeddable":true,"href":"https:\/\/conjardines.com\/index.php\/wp-json\/wp\/v2\/users\/2"}],"replies":[{"embeddable":true,"href":"https:\/\/conjardines.com\/index.php\/wp-json\/wp\/v2\/comments?post=4726"}],"version-history":[{"count":119,"href":"https:\/\/conjardines.com\/index.php\/wp-json\/wp\/v2\/pages\/4726\/revisions"}],"predecessor-version":[{"id":10380,"href":"https:\/\/conjardines.com\/index.php\/wp-json\/wp\/v2\/pages\/4726\/revisions\/10380"}],"wp:attachment":[{"href":"https:\/\/conjardines.com\/index.php\/wp-json\/wp\/v2\/media?parent=4726"}],"curies":[{"name":"wp","href":"https:\/\/api.w.org\/{rel}","templated":true}]}}