{"id":4688,"date":"2021-03-25T14:56:35","date_gmt":"2021-03-25T19:56:35","guid":{"rendered":"https:\/\/conjardines.com\/?page_id=4688"},"modified":"2024-04-05T08:01:58","modified_gmt":"2024-04-05T13:01:58","slug":"carreras","status":"publish","type":"page","link":"https:\/\/conjardines.com\/index.php\/carreras\/","title":{"rendered":"Carreras"},"content":{"rendered":"\n<div data-elementor-type=\"wp-page\" data-elementor-id=\"4688\" class=\"elementor elementor-4688\" data-elementor-settings=\"[]\">\n<div class=\"elementor-section-wrap\">\n<section class=\"elementor-section elementor-top-section elementor-element elementor-element-c370b8f elementor-section-content-middle elementor-section-stretched elementor-section-boxed elementor-section-height-default elementor-section-height-default\" data-id=\"c370b8f\" data-element_type=\"section\" data-settings=\"{&quot;background_background&quot;:&quot;classic&quot;,&quot;stretch_section&quot;:&quot;section-stretched&quot;}\">\n<div class=\"elementor-background-overlay\"><\/div>\n<div class=\"elementor-container elementor-column-gap-no\">\n<div class=\"elementor-column elementor-col-100 elementor-top-column elementor-element elementor-element-e85172f\" data-id=\"e85172f\" data-element_type=\"column\">\n<div class=\"elementor-widget-wrap elementor-element-populated\">\n<div class=\"elementor-element elementor-element-a59a4d1 elementor-widget elementor-widget-heading\" data-id=\"a59a4d1\" data-element_type=\"widget\" data-widget_type=\"heading.default\">\n<div class=\"elementor-widget-container\">\n<h2 class=\"elementor-heading-title elementor-size-default\">NIVELES DE<\/h2>\n<\/p><\/div>\n<\/p><\/div>\n<div class=\"elementor-element elementor-element-6b39b04 elementor-widget elementor-widget-heading\" data-id=\"6b39b04\" data-element_type=\"widget\" data-widget_type=\"heading.default\">\n<div class=\"elementor-widget-container\">\n<h2 class=\"elementor-heading-title elementor-size-default\">CARRERAS<\/h2>\n<\/p><\/div>\n<\/p><\/div>\n<\/p><\/div>\n<\/p><\/div>\n<\/p><\/div>\n<\/section>\n<section class=\"elementor-section elementor-top-section elementor-element elementor-element-6f8bbf3f elementor-section-content-middle elementor-section-boxed elementor-section-height-default elementor-section-height-default\" data-id=\"6f8bbf3f\" data-element_type=\"section\">\n<div class=\"elementor-container elementor-column-gap-no\">\n<div class=\"elementor-column elementor-col-100 elementor-top-column elementor-element elementor-element-31a05fa9\" data-id=\"31a05fa9\" data-element_type=\"column\">\n<div class=\"elementor-widget-wrap elementor-element-populated\">\n<section class=\"elementor-section elementor-inner-section elementor-element elementor-element-2bd1c058 elementor-section-content-middle elementor-section-boxed elementor-section-height-default elementor-section-height-default\" data-id=\"2bd1c058\" data-element_type=\"section\">\n<div class=\"elementor-container elementor-column-gap-no\">\n<div class=\"elementor-column elementor-col-33 elementor-inner-column elementor-element elementor-element-4e510214\" data-id=\"4e510214\" data-element_type=\"column\">\n<div class=\"elementor-widget-wrap elementor-element-populated\">\n<div class=\"elementor-element elementor-element-5842a2c elementor-widget elementor-widget-heading\" data-id=\"5842a2c\" data-element_type=\"widget\" data-widget_type=\"heading.default\">\n<div class=\"elementor-widget-container\">\n<h2 class=\"elementor-heading-title elementor-size-default\">T\u00e9cnico Superior en Paisajismo y<br \/>\nJardiner\u00eda<\/h2>\n<\/p><\/div>\n<\/p><\/div>\n<div class=\"elementor-element elementor-element-65590c1 elementor-widget elementor-widget-image\" data-id=\"65590c1\" data-element_type=\"widget\" data-widget_type=\"image.default\">\n<div class=\"elementor-widget-container\">\n\t\t\t\t\t\t\t\t\t\t\t\t\t\t\t<img width=\"300\" height=\"300\" src=\"https:\/\/conjardines.com\/wp-content\/uploads\/2021\/03\/12182635_443624572511028_3737101055999639415_o-300x300.jpg\" class=\"attachment-medium size-medium\" alt=\"\" loading=\"lazy\" srcset=\"https:\/\/conjardines.com\/wp-content\/uploads\/2021\/03\/12182635_443624572511028_3737101055999639415_o-300x300.jpg 300w, https:\/\/conjardines.com\/wp-content\/uploads\/2021\/03\/12182635_443624572511028_3737101055999639415_o-100x100.jpg 100w, https:\/\/conjardines.com\/wp-content\/uploads\/2021\/03\/12182635_443624572511028_3737101055999639415_o-150x150.jpg 150w, https:\/\/conjardines.com\/wp-content\/uploads\/2021\/03\/12182635_443624572511028_3737101055999639415_o.jpg 500w\" sizes=\"(max-width: 300px) 100vw, 300px\" \/>\t\t\t\t\t\t\t\t\t\t\t\t\t\t\t<\/div>\n<\/p><\/div>\n<\/p><\/div>\n<\/p><\/div>\n<div class=\"elementor-column elementor-col-33 elementor-inner-column elementor-element elementor-element-321caa10\" data-id=\"321caa10\" data-element_type=\"column\">\n<div class=\"elementor-widget-wrap elementor-element-populated\">\n<div class=\"elementor-element elementor-element-327e513 elementor-widget elementor-widget-heading\" data-id=\"327e513\" data-element_type=\"widget\" data-widget_type=\"heading.default\">\n<div class=\"elementor-widget-container\">\n<h2 class=\"elementor-heading-title elementor-size-default\">T\u00e9cnico Superior en Agricultura Urbana<\/h2>\n<\/p><\/div>\n<\/p><\/div>\n<div class=\"elementor-element elementor-element-3f8a7a2 elementor-widget elementor-widget-image\" data-id=\"3f8a7a2\" data-element_type=\"widget\" data-widget_type=\"image.default\">\n<div class=\"elementor-widget-container\">\n\t\t\t\t\t\t\t\t\t\t\t\t\t\t\t<img width=\"300\" height=\"300\" src=\"https:\/\/conjardines.com\/wp-content\/uploads\/2021\/03\/13914070_545585438981607_6236432837817367690_o-300x300.jpg\" class=\"attachment-medium size-medium\" alt=\"\" loading=\"lazy\" srcset=\"https:\/\/conjardines.com\/wp-content\/uploads\/2021\/03\/13914070_545585438981607_6236432837817367690_o-300x300.jpg 300w, https:\/\/conjardines.com\/wp-content\/uploads\/2021\/03\/13914070_545585438981607_6236432837817367690_o-100x100.jpg 100w, https:\/\/conjardines.com\/wp-content\/uploads\/2021\/03\/13914070_545585438981607_6236432837817367690_o-150x150.jpg 150w, https:\/\/conjardines.com\/wp-content\/uploads\/2021\/03\/13914070_545585438981607_6236432837817367690_o.jpg 500w\" sizes=\"(max-width: 300px) 100vw, 300px\" \/>\t\t\t\t\t\t\t\t\t\t\t\t\t\t\t<\/div>\n<\/p><\/div>\n<\/p><\/div>\n<\/p><\/div>\n<div class=\"elementor-column elementor-col-33 elementor-inner-column elementor-element elementor-element-5fddc95e\" data-id=\"5fddc95e\" data-element_type=\"column\">\n<div class=\"elementor-widget-wrap elementor-element-populated\">\n<div class=\"elementor-element elementor-element-a285dd2 elementor-widget elementor-widget-heading\" data-id=\"a285dd2\" data-element_type=\"widget\" data-widget_type=\"heading.default\">\n<div class=\"elementor-widget-container\">\n<h2 class=\"elementor-heading-title elementor-size-default\">T\u00e9cnico Superior en Urbanismo<\/h2>\n<\/p><\/div>\n<\/p><\/div>\n<div class=\"elementor-element elementor-element-b5107bf elementor-widget elementor-widget-image\" data-id=\"b5107bf\" data-element_type=\"widget\" data-widget_type=\"image.default\">\n<div class=\"elementor-widget-container\">\n\t\t\t\t\t\t\t\t\t\t\t\t\t\t\t<img width=\"300\" height=\"300\" src=\"https:\/\/conjardines.com\/wp-content\/uploads\/2021\/03\/1617873_592543270814684_1838566204_o-300x300.jpg\" class=\"attachment-medium size-medium\" alt=\"\" loading=\"lazy\" srcset=\"https:\/\/conjardines.com\/wp-content\/uploads\/2021\/03\/1617873_592543270814684_1838566204_o-300x300.jpg 300w, https:\/\/conjardines.com\/wp-content\/uploads\/2021\/03\/1617873_592543270814684_1838566204_o-100x100.jpg 100w, https:\/\/conjardines.com\/wp-content\/uploads\/2021\/03\/1617873_592543270814684_1838566204_o-150x150.jpg 150w, https:\/\/conjardines.com\/wp-content\/uploads\/2021\/03\/1617873_592543270814684_1838566204_o.jpg 500w\" sizes=\"(max-width: 300px) 100vw, 300px\" \/>\t\t\t\t\t\t\t\t\t\t\t\t\t\t\t<\/div>\n<\/p><\/div>\n<\/p><\/div>\n<\/p><\/div>\n<\/p><\/div>\n<\/section><\/div>\n<\/p><\/div>\n<\/p><\/div>\n<\/section>\n<section class=\"elementor-section elementor-top-section elementor-element elementor-element-6cd15ecf elementor-section-content-middle elementor-section-boxed elementor-section-height-default elementor-section-height-default\" data-id=\"6cd15ecf\" data-element_type=\"section\">\n<div class=\"elementor-container elementor-column-gap-no\">\n<div class=\"elementor-column elementor-col-100 elementor-top-column elementor-element elementor-element-57aff653\" data-id=\"57aff653\" data-element_type=\"column\">\n<div class=\"elementor-widget-wrap elementor-element-populated\">\n<div class=\"elementor-element elementor-element-7fe193c elementor-tabs-view-vertical elementor-widget elementor-widget-tabs\" data-id=\"7fe193c\" data-element_type=\"widget\" data-widget_type=\"tabs.default\">\n<div class=\"elementor-widget-container\">\n<div class=\"elementor-tabs\">\n<div class=\"elementor-tabs-wrapper\" role=\"tablist\" >\n<div id=\"elementor-tab-title-1341\" class=\"elementor-tab-title elementor-tab-desktop-title\" aria-selected=\"true\" data-tab=\"1\" role=\"tab\" tabindex=\"0\" aria-controls=\"elementor-tab-content-1341\" aria-expanded=\"false\">Fecha y horario<\/div>\n<div id=\"elementor-tab-title-1342\" class=\"elementor-tab-title elementor-tab-desktop-title\" aria-selected=\"false\" data-tab=\"2\" role=\"tab\" tabindex=\"-1\" aria-controls=\"elementor-tab-content-1342\" aria-expanded=\"false\">Metodolog\u00eda presencial o semipresencial<\/div>\n<div id=\"elementor-tab-title-1343\" class=\"elementor-tab-title elementor-tab-desktop-title\" aria-selected=\"false\" data-tab=\"3\" role=\"tab\" tabindex=\"-1\" aria-controls=\"elementor-tab-content-1343\" aria-expanded=\"false\">Formas de pago<\/div>\n<div id=\"elementor-tab-title-1344\" class=\"elementor-tab-title elementor-tab-desktop-title\" aria-selected=\"false\" data-tab=\"4\" role=\"tab\" tabindex=\"-1\" aria-controls=\"elementor-tab-content-1344\" aria-expanded=\"false\">Material de estudio<\/div>\n<div id=\"elementor-tab-title-1345\" class=\"elementor-tab-title elementor-tab-desktop-title\" aria-selected=\"false\" data-tab=\"5\" role=\"tab\" tabindex=\"-1\" aria-controls=\"elementor-tab-content-1345\" aria-expanded=\"false\">Solicitar m\u00e1s informaci\u00f3n<\/div>\n<\/p><\/div>\n<div class=\"elementor-tabs-content-wrapper\" role=\"tablist\" aria-orientation=\"vertical\">\n<div class=\"elementor-tab-title elementor-tab-mobile-title\" aria-selected=\"true\" data-tab=\"1\" role=\"tab\" tabindex=\"0\" aria-controls=\"elementor-tab-content-1341\" aria-expanded=\"false\">Fecha y horario<\/div>\n<div id=\"elementor-tab-content-1341\" class=\"elementor-tab-content elementor-clearfix\" data-tab=\"1\" role=\"tabpanel\" aria-labelledby=\"elementor-tab-title-1341\" tabindex=\"0\" hidden=\"false\">\n<p>Fecha: Junio 2024<\/p>\n<table>\n<tbody>\n<tr>\n<td width=\"196\">\n<p>T\u00e9cnico Superior en Paisajismo y\u00a0 Jardiner\u00eda<\/p>\n<\/td>\n<td width=\"196\">\n<p>T\u00e9cnico Superior en Agricultura Urbana\u00a0<\/p>\n<\/td>\n<td width=\"196\">\n<p>T\u00e9cnico Superior en Urbanismo<\/p>\n<\/td>\n<\/tr>\n<tr>\n<td width=\"196\">\n<p>S\u00e1bados\u00a0 8:00 am 16:00 pm<\/p>\n<p>Domingos\u00a0 8:00 am 16:00 pm<\/p>\n<\/td>\n<td width=\"196\">\n<p>\u00a0<\/p>\n<\/td>\n<td width=\"196\">\n<p>\u00a0<\/p>\n<\/td>\n<\/tr>\n<\/tbody>\n<\/table>\n<p>El cursos est\u00e1 previsto para 39 semanas 0 10 meses..<\/p>\n<\/div>\n<div class=\"elementor-tab-title elementor-tab-mobile-title\" aria-selected=\"false\" data-tab=\"2\" role=\"tab\" tabindex=\"-1\" aria-controls=\"elementor-tab-content-1342\" aria-expanded=\"false\">Metodolog\u00eda presencial o semipresencial<\/div>\n<div id=\"elementor-tab-content-1342\" class=\"elementor-tab-content elementor-clearfix\" data-tab=\"2\" role=\"tabpanel\" aria-labelledby=\"elementor-tab-title-1342\" tabindex=\"0\" hidden=\"hidden\">\n<p>La metodolog\u00eda de estudios est\u00e1 fundamentada en el Aprendizaje Baasado en Proyectos (ABP).<\/p>\n<p>Los cursos son 100% presenciales y pr\u00e1cticos.<\/p>\n<p>Los cursos est\u00e1n dise\u00f1ados seg\u00fan el beneficio &#8211; costo.<\/p>\n<\/div>\n<div class=\"elementor-tab-title elementor-tab-mobile-title\" aria-selected=\"false\" data-tab=\"3\" role=\"tab\" tabindex=\"-1\" aria-controls=\"elementor-tab-content-1343\" aria-expanded=\"false\">Formas de pago<\/div>\n<div id=\"elementor-tab-content-1343\" class=\"elementor-tab-content elementor-clearfix\" data-tab=\"3\" role=\"tabpanel\" aria-labelledby=\"elementor-tab-title-1343\" tabindex=\"0\" hidden=\"hidden\">\n<p>Los pagos del curso de T\u00e9cnico Superiro en Paisajismo y Jardiner\u00eda seran:<\/p>\n<p>Pago de tarjeta de cr\u00e9dito: financiado de 3 a 12 meses.<\/p>\n<p>Pago por transferencias o tarjeta de d\u00e9bito en su totalidad tendr\u00e1n el 17% de descuento.<\/p>\n<\/div>\n<div class=\"elementor-tab-title elementor-tab-mobile-title\" aria-selected=\"false\" data-tab=\"4\" role=\"tab\" tabindex=\"-1\" aria-controls=\"elementor-tab-content-1344\" aria-expanded=\"false\">Material de estudio<\/div>\n<div id=\"elementor-tab-content-1344\" class=\"elementor-tab-content elementor-clearfix\" data-tab=\"4\" role=\"tabpanel\" aria-labelledby=\"elementor-tab-title-1344\" tabindex=\"0\" hidden=\"hidden\">\n<p>La m\u00e1triculo de estudio est\u00e1 divido en dos nivles que dura cinco meses cada uno, El Instituto Ecuatoriano de Paisajismo y Jardiner\u00eda le otorgar\u00e1 espacio, herramientas, gu\u00eda y el kit de jardner\u00eda.\u00a0<\/p>\n<\/div>\n<div class=\"elementor-tab-title elementor-tab-mobile-title\" aria-selected=\"false\" data-tab=\"5\" role=\"tab\" tabindex=\"-1\" aria-controls=\"elementor-tab-content-1345\" aria-expanded=\"false\">Solicitar m\u00e1s informaci\u00f3n<\/div>\n<div id=\"elementor-tab-content-1345\" class=\"elementor-tab-content elementor-clearfix\" data-tab=\"5\" role=\"tabpanel\" aria-labelledby=\"elementor-tab-title-1345\" tabindex=\"0\" hidden=\"hidden\">\n<p>\u00bfQuieres ser PAISAJISTA por 1 d\u00eda. Estas en el lugar indicado<\/p>\n<p>WhatsApp: 099 979 4819<\/p>\n<p>Facebook: @Con.jardin<\/p>\n<\/div><\/div>\n<\/p><\/div>\n<\/p><\/div>\n<\/p><\/div>\n<\/p><\/div>\n<\/p><\/div>\n<\/p><\/div>\n<\/section><\/div>\n<\/p><\/div>\n","protected":false},"excerpt":{"rendered":"<p>NIVELES DE CARRERAS T\u00e9cnico Superior en Paisajismo y Jardiner\u00eda T\u00e9cnico Superior en Agricultura Urbana T\u00e9cnico Superior en Urbanismo Fecha y horario Metodolog\u00eda presencial o semipresencial Formas de pago Material de estudio Solicitar m\u00e1s informaci\u00f3n Fecha y horario Fecha: Junio 2024 T\u00e9cnico Superior en Paisajismo y\u00a0 Jardiner\u00eda T\u00e9cnico Superior en Agricultura [&hellip;]<\/p>\n","protected":false},"author":2,"featured_media":0,"parent":0,"menu_order":0,"comment_status":"closed","ping_status":"closed","template":"page-templates\/full-width-container.php","meta":[],"uagb_featured_image_src":{"full":false,"thumbnail":false,"medium":false,"medium_large":false,"large":false,"elegant_blocks_team_1":false,"elegant_blocks_blog_1":false,"elegant_blocks_slider_1":false,"1536x1536":false,"2048x2048":false,"bizberg_medium":false,"bizberg_gallery":false,"bizberg_blog_list":false,"bizberg_detail_image":false,"bizberg_detail_image_no_sidebar":false,"bizberg_portfolio_homepage":false,"bizberg_blog_list_no_sidebar_1":false,"woocommerce_thumbnail":false,"woocommerce_single":false,"woocommerce_gallery_thumbnail":false,"shop_catalog":false,"shop_single":false,"shop_thumbnail":false},"uagb_author_info":{"display_name":"Luis Yumi","author_link":"https:\/\/conjardines.com\/index.php\/author\/luisyumi\/"},"uagb_comment_info":0,"uagb_excerpt":"NIVELES DE CARRERAS T\u00e9cnico Superior en Paisajismo y Jardiner\u00eda T\u00e9cnico Superior en Agricultura Urbana T\u00e9cnico Superior en Urbanismo Fecha y horario Metodolog\u00eda presencial o semipresencial Formas de pago Material de estudio Solicitar m\u00e1s informaci\u00f3n Fecha y horario Fecha: Junio 2024 T\u00e9cnico Superior en Paisajismo y\u00a0 Jardiner\u00eda T\u00e9cnico Superior en Agricultura [&hellip;]","_links":{"self":[{"href":"https:\/\/conjardines.com\/index.php\/wp-json\/wp\/v2\/pages\/4688"}],"collection":[{"href":"https:\/\/conjardines.com\/index.php\/wp-json\/wp\/v2\/pages"}],"about":[{"href":"https:\/\/conjardines.com\/index.php\/wp-json\/wp\/v2\/types\/page"}],"author":[{"embeddable":true,"href":"https:\/\/conjardines.com\/index.php\/wp-json\/wp\/v2\/users\/2"}],"replies":[{"embeddable":true,"href":"https:\/\/conjardines.com\/index.php\/wp-json\/wp\/v2\/comments?post=4688"}],"version-history":[{"count":193,"href":"https:\/\/conjardines.com\/index.php\/wp-json\/wp\/v2\/pages\/4688\/revisions"}],"predecessor-version":[{"id":9943,"href":"https:\/\/conjardines.com\/index.php\/wp-json\/wp\/v2\/pages\/4688\/revisions\/9943"}],"wp:attachment":[{"href":"https:\/\/conjardines.com\/index.php\/wp-json\/wp\/v2\/media?parent=4688"}],"curies":[{"name":"wp","href":"https:\/\/api.w.org\/{rel}","templated":true}]}}