{"id":325,"date":"2019-03-01T12:00:05","date_gmt":"2019-03-01T17:00:05","guid":{"rendered":"http:\/\/bizberg.cyclonethemes.com\/?page_id=325"},"modified":"2026-03-22T10:32:49","modified_gmt":"2026-03-22T15:32:49","slug":"conquistando-fronteras","status":"publish","type":"page","link":"https:\/\/conjardines.com\/index.php\/conquistando-fronteras\/","title":{"rendered":"VIVERISMO"},"content":{"rendered":"\n<div data-elementor-type=\"wp-page\" data-elementor-id=\"325\" class=\"elementor elementor-325\" data-elementor-settings=\"[]\">\n<div class=\"elementor-section-wrap\">\n<section class=\"elementor-section elementor-top-section elementor-element elementor-element-7cafc2d7 elementor-section-height-full elementor-section-boxed elementor-section-height-default elementor-section-items-middle\" data-id=\"7cafc2d7\" data-element_type=\"section\" data-settings=\"{&quot;background_background&quot;:&quot;classic&quot;}\">\n<div class=\"elementor-container elementor-column-gap-default\">\n<div class=\"elementor-column elementor-col-100 elementor-top-column elementor-element elementor-element-75cd9d4e\" data-id=\"75cd9d4e\" data-element_type=\"column\">\n<div class=\"elementor-widget-wrap elementor-element-populated\">\n<div class=\"elementor-element elementor-element-56b66284 elementor-widget elementor-widget-heading\" data-id=\"56b66284\" data-element_type=\"widget\" data-widget_type=\"heading.default\">\n<div class=\"elementor-widget-container\">\n<h3 class=\"elementor-heading-title elementor-size-default\">GEOSINT\u00c9TICOS EN PAISAJSMO &amp; JARDINER\u00cdA<\/h3>\n<\/p><\/div>\n<\/p><\/div>\n<div class=\"elementor-element elementor-element-151dbad5 elementor-widget elementor-widget-heading\" data-id=\"151dbad5\" data-element_type=\"widget\" data-widget_type=\"heading.default\">\n<div class=\"elementor-widget-container\">\n<h2 class=\"elementor-heading-title elementor-size-default\">Los productos m\u00e1s utilizados<\/h2>\n<\/p><\/div>\n<\/p><\/div>\n<div class=\"elementor-element elementor-element-587d855 elementor-widget elementor-widget-text-editor\" data-id=\"587d855\" data-element_type=\"widget\" data-widget_type=\"text-editor.default\">\n<div class=\"elementor-widget-container\">\n<p>Los dise\u00f1os que siempre deseaste hacer en tu jard\u00edn ya tienen soluciones con los geosint\u00e9ticos\u00a0<\/p>\n<\/p><\/div>\n<\/p><\/div>\n<section class=\"elementor-section elementor-inner-section elementor-element elementor-element-73264318 elementor-section-boxed elementor-section-height-default elementor-section-height-default\" data-id=\"73264318\" data-element_type=\"section\">\n<div class=\"elementor-container elementor-column-gap-extended\">\n<div class=\"elementor-column elementor-col-25 elementor-inner-column elementor-element elementor-element-57748381\" data-id=\"57748381\" data-element_type=\"column\">\n<div class=\"elementor-widget-wrap elementor-element-populated\">\n<div class=\"elementor-element elementor-element-77316aac elementor-widget elementor-widget-image\" data-id=\"77316aac\" data-element_type=\"widget\" data-widget_type=\"image.default\">\n<div class=\"elementor-widget-container\">\n\t\t\t\t\t\t\t\t\t\t\t\t\t\t\t<img width=\"640\" height=\"640\" src=\"https:\/\/conjardines.com\/wp-content\/uploads\/2026\/03\/HDPE2026-1024x1024.png\" class=\"attachment-large size-large\" alt=\"\" loading=\"lazy\" srcset=\"https:\/\/conjardines.com\/wp-content\/uploads\/2026\/03\/HDPE2026-1024x1024.png 1024w, https:\/\/conjardines.com\/wp-content\/uploads\/2026\/03\/HDPE2026-300x300.png 300w, https:\/\/conjardines.com\/wp-content\/uploads\/2026\/03\/HDPE2026-150x150.png 150w, https:\/\/conjardines.com\/wp-content\/uploads\/2026\/03\/HDPE2026-768x768.png 768w, https:\/\/conjardines.com\/wp-content\/uploads\/2026\/03\/HDPE2026-500x500.png 500w, https:\/\/conjardines.com\/wp-content\/uploads\/2026\/03\/HDPE2026-600x600.png 600w, https:\/\/conjardines.com\/wp-content\/uploads\/2026\/03\/HDPE2026-100x100.png 100w, https:\/\/conjardines.com\/wp-content\/uploads\/2026\/03\/HDPE2026.png 1080w\" sizes=\"(max-width: 640px) 100vw, 640px\" \/>\t\t\t\t\t\t\t\t\t\t\t\t\t\t\t<\/div>\n<\/p><\/div>\n<\/p><\/div>\n<\/p><\/div>\n<div class=\"elementor-column elementor-col-25 elementor-inner-column elementor-element elementor-element-b3b3897\" data-id=\"b3b3897\" data-element_type=\"column\">\n<div class=\"elementor-widget-wrap elementor-element-populated\">\n<div class=\"elementor-element elementor-element-72fa47a1 elementor-widget elementor-widget-image\" data-id=\"72fa47a1\" data-element_type=\"widget\" data-widget_type=\"image.default\">\n<div class=\"elementor-widget-container\">\n\t\t\t\t\t\t\t\t\t\t\t\t\t\t\t<img width=\"640\" height=\"640\" src=\"https:\/\/conjardines.com\/wp-content\/uploads\/2026\/03\/GeomembranaPVC-1024x1024.png\" class=\"attachment-large size-large\" alt=\"\" loading=\"lazy\" srcset=\"https:\/\/conjardines.com\/wp-content\/uploads\/2026\/03\/GeomembranaPVC-1024x1024.png 1024w, https:\/\/conjardines.com\/wp-content\/uploads\/2026\/03\/GeomembranaPVC-300x300.png 300w, https:\/\/conjardines.com\/wp-content\/uploads\/2026\/03\/GeomembranaPVC-150x150.png 150w, https:\/\/conjardines.com\/wp-content\/uploads\/2026\/03\/GeomembranaPVC-768x768.png 768w, https:\/\/conjardines.com\/wp-content\/uploads\/2026\/03\/GeomembranaPVC-500x500.png 500w, https:\/\/conjardines.com\/wp-content\/uploads\/2026\/03\/GeomembranaPVC-600x600.png 600w, https:\/\/conjardines.com\/wp-content\/uploads\/2026\/03\/GeomembranaPVC-100x100.png 100w, https:\/\/conjardines.com\/wp-content\/uploads\/2026\/03\/GeomembranaPVC.png 1080w\" sizes=\"(max-width: 640px) 100vw, 640px\" \/>\t\t\t\t\t\t\t\t\t\t\t\t\t\t\t<\/div>\n<\/p><\/div>\n<\/p><\/div>\n<\/p><\/div>\n<div class=\"elementor-column elementor-col-25 elementor-inner-column elementor-element elementor-element-286c4191\" data-id=\"286c4191\" data-element_type=\"column\">\n<div class=\"elementor-widget-wrap elementor-element-populated\">\n<div class=\"elementor-element elementor-element-5f71395e elementor-widget elementor-widget-image\" data-id=\"5f71395e\" data-element_type=\"widget\" data-widget_type=\"image.default\">\n<div class=\"elementor-widget-container\">\n\t\t\t\t\t\t\t\t\t\t\t\t\t\t\t<img width=\"640\" height=\"640\" src=\"https:\/\/conjardines.com\/wp-content\/uploads\/2026\/03\/Mesa-de-trabajo-2-1024x1024.png\" class=\"attachment-large size-large\" alt=\"\" loading=\"lazy\" srcset=\"https:\/\/conjardines.com\/wp-content\/uploads\/2026\/03\/Mesa-de-trabajo-2-1024x1024.png 1024w, https:\/\/conjardines.com\/wp-content\/uploads\/2026\/03\/Mesa-de-trabajo-2-300x300.png 300w, https:\/\/conjardines.com\/wp-content\/uploads\/2026\/03\/Mesa-de-trabajo-2-150x150.png 150w, https:\/\/conjardines.com\/wp-content\/uploads\/2026\/03\/Mesa-de-trabajo-2-768x768.png 768w, https:\/\/conjardines.com\/wp-content\/uploads\/2026\/03\/Mesa-de-trabajo-2-500x500.png 500w, https:\/\/conjardines.com\/wp-content\/uploads\/2026\/03\/Mesa-de-trabajo-2-600x600.png 600w, https:\/\/conjardines.com\/wp-content\/uploads\/2026\/03\/Mesa-de-trabajo-2-100x100.png 100w, https:\/\/conjardines.com\/wp-content\/uploads\/2026\/03\/Mesa-de-trabajo-2.png 1080w\" sizes=\"(max-width: 640px) 100vw, 640px\" \/>\t\t\t\t\t\t\t\t\t\t\t\t\t\t\t<\/div>\n<\/p><\/div>\n<\/p><\/div>\n<\/p><\/div>\n<div class=\"elementor-column elementor-col-25 elementor-inner-column elementor-element elementor-element-388604b0\" data-id=\"388604b0\" data-element_type=\"column\">\n<div class=\"elementor-widget-wrap elementor-element-populated\">\n<div class=\"elementor-element elementor-element-1a9ea77b elementor-widget elementor-widget-image\" data-id=\"1a9ea77b\" data-element_type=\"widget\" data-widget_type=\"image.default\">\n<div class=\"elementor-widget-container\">\n\t\t\t\t\t\t\t\t\t\t\t\t\t\t\t<img width=\"640\" height=\"640\" src=\"https:\/\/conjardines.com\/wp-content\/uploads\/2026\/03\/Mesa-de-trabajo-1-1024x1024.png\" class=\"attachment-large size-large\" alt=\"\" loading=\"lazy\" srcset=\"https:\/\/conjardines.com\/wp-content\/uploads\/2026\/03\/Mesa-de-trabajo-1-1024x1024.png 1024w, https:\/\/conjardines.com\/wp-content\/uploads\/2026\/03\/Mesa-de-trabajo-1-300x300.png 300w, https:\/\/conjardines.com\/wp-content\/uploads\/2026\/03\/Mesa-de-trabajo-1-150x150.png 150w, https:\/\/conjardines.com\/wp-content\/uploads\/2026\/03\/Mesa-de-trabajo-1-768x768.png 768w, https:\/\/conjardines.com\/wp-content\/uploads\/2026\/03\/Mesa-de-trabajo-1-500x500.png 500w, https:\/\/conjardines.com\/wp-content\/uploads\/2026\/03\/Mesa-de-trabajo-1-600x600.png 600w, https:\/\/conjardines.com\/wp-content\/uploads\/2026\/03\/Mesa-de-trabajo-1-100x100.png 100w, https:\/\/conjardines.com\/wp-content\/uploads\/2026\/03\/Mesa-de-trabajo-1.png 1080w\" sizes=\"(max-width: 640px) 100vw, 640px\" \/>\t\t\t\t\t\t\t\t\t\t\t\t\t\t\t<\/div>\n<\/p><\/div>\n<\/p><\/div>\n<\/p><\/div>\n<\/p><\/div>\n<\/section><\/div>\n<\/p><\/div>\n<\/p><\/div>\n<\/section>\n<section class=\"elementor-section elementor-top-section elementor-element elementor-element-74f212d8 elementor-section-height-full elementor-section-items-bottom elementor-section-boxed elementor-section-height-default\" data-id=\"74f212d8\" data-element_type=\"section\" data-settings=\"{&quot;background_background&quot;:&quot;classic&quot;}\">\n<div class=\"elementor-container elementor-column-gap-default\">\n<div class=\"elementor-column elementor-col-50 elementor-top-column elementor-element elementor-element-4c5b7f48\" data-id=\"4c5b7f48\" data-element_type=\"column\">\n<div class=\"elementor-widget-wrap elementor-element-populated\">\n<div class=\"elementor-element elementor-element-616ede82 elementor-widget elementor-widget-heading\" data-id=\"616ede82\" data-element_type=\"widget\" data-widget_type=\"heading.default\">\n<div class=\"elementor-widget-container\">\n<h2 class=\"elementor-heading-title elementor-size-default\">GEOTEXTIL NO TEJIDO<\/h2>\n<\/p><\/div>\n<\/p><\/div>\n<div class=\"elementor-element elementor-element-492d8590 elementor-widget elementor-widget-image\" data-id=\"492d8590\" data-element_type=\"widget\" data-widget_type=\"image.default\">\n<div class=\"elementor-widget-container\">\n\t\t\t\t\t\t\t\t\t\t\t\t\t\t\t<img width=\"640\" height=\"640\" src=\"https:\/\/conjardines.com\/wp-content\/uploads\/2026\/03\/Mesa-de-trabajo-1-1024x1024.png\" class=\"attachment-large size-large\" alt=\"\" loading=\"lazy\" srcset=\"https:\/\/conjardines.com\/wp-content\/uploads\/2026\/03\/Mesa-de-trabajo-1-1024x1024.png 1024w, https:\/\/conjardines.com\/wp-content\/uploads\/2026\/03\/Mesa-de-trabajo-1-300x300.png 300w, https:\/\/conjardines.com\/wp-content\/uploads\/2026\/03\/Mesa-de-trabajo-1-150x150.png 150w, https:\/\/conjardines.com\/wp-content\/uploads\/2026\/03\/Mesa-de-trabajo-1-768x768.png 768w, https:\/\/conjardines.com\/wp-content\/uploads\/2026\/03\/Mesa-de-trabajo-1-500x500.png 500w, https:\/\/conjardines.com\/wp-content\/uploads\/2026\/03\/Mesa-de-trabajo-1-600x600.png 600w, https:\/\/conjardines.com\/wp-content\/uploads\/2026\/03\/Mesa-de-trabajo-1-100x100.png 100w, https:\/\/conjardines.com\/wp-content\/uploads\/2026\/03\/Mesa-de-trabajo-1.png 1080w\" sizes=\"(max-width: 640px) 100vw, 640px\" \/>\t\t\t\t\t\t\t\t\t\t\t\t\t\t\t<\/div>\n<\/p><\/div>\n<\/p><\/div>\n<\/p><\/div>\n<div class=\"elementor-column elementor-col-50 elementor-top-column elementor-element elementor-element-3f1c35dd\" data-id=\"3f1c35dd\" data-element_type=\"column\">\n<div class=\"elementor-widget-wrap elementor-element-populated\">\n<div class=\"elementor-element elementor-element-53ea1bda elementor-position-left elementor-vertical-align-top elementor-widget elementor-widget-image-box\" data-id=\"53ea1bda\" data-element_type=\"widget\" data-widget_type=\"image-box.default\">\n<div class=\"elementor-widget-container\">\n<div class=\"elementor-image-box-wrapper\">\n<figure class=\"elementor-image-box-img\"><img width=\"70\" height=\"57\" src=\"https:\/\/conjardines.com\/wp-content\/uploads\/2026\/03\/service-8icon1.png\" class=\"attachment-full size-full\" alt=\"\" loading=\"lazy\" \/><\/figure>\n<div class=\"elementor-image-box-content\">\n<h3 class=\"elementor-image-box-title\">NT-1300: USD 1,40 M2<\/h3>\n<p class=\"elementor-image-box-description\">Gramaje de 300 gramos se utiliza para drenaje en jardineras. A partir del 10 metros lineales se vende a USD 1,05 . Tambi\u00e9n se vende por rollos.<\/p>\n<\/div>\n<\/div><\/div>\n<\/p><\/div>\n<div class=\"elementor-element elementor-element-6cb36d51 elementor-position-left elementor-vertical-align-top elementor-widget elementor-widget-image-box\" data-id=\"6cb36d51\" data-element_type=\"widget\" data-widget_type=\"image-box.default\">\n<div class=\"elementor-widget-container\">\n<div class=\"elementor-image-box-wrapper\">\n<figure class=\"elementor-image-box-img\"><img width=\"40\" height=\"33\" src=\"https:\/\/conjardines.com\/wp-content\/uploads\/2026\/03\/service-8icon2.png\" class=\"attachment-full size-full\" alt=\"\" loading=\"lazy\" \/><\/figure>\n<div class=\"elementor-image-box-content\">\n<h3 class=\"elementor-image-box-title\">NT-1500: USD 1,60 M2<\/h3>\n<p class=\"elementor-image-box-description\">Gramaje de 500 gramos se utiliza para drenaje en jardineras. A partir del 10 metros lienales se vende a USD 1,10 . Tambi\u00e9n se vende por rollos<\/p>\n<\/div>\n<\/div><\/div>\n<\/p><\/div>\n<div class=\"elementor-element elementor-element-21b458b4 elementor-position-left elementor-vertical-align-top elementor-widget elementor-widget-image-box\" data-id=\"21b458b4\" data-element_type=\"widget\" data-widget_type=\"image-box.default\">\n<div class=\"elementor-widget-container\">\n<div class=\"elementor-image-box-wrapper\">\n<figure class=\"elementor-image-box-img\"><img width=\"70\" height=\"57\" src=\"https:\/\/conjardines.com\/wp-content\/uploads\/2026\/03\/service-8icon1.png\" class=\"attachment-full size-full\" alt=\"\" loading=\"lazy\" \/><\/figure>\n<div class=\"elementor-image-box-content\">\n<h3 class=\"elementor-image-box-title\">NT-1600: 1,70 M2<\/h3>\n<p class=\"elementor-image-box-description\">Gramaje de 600 gramos se utiliza para drenaje en jardineras. A partir del 10 metros lienales se vende a USD 1,12 . Tambi\u00e9n se vende por rollos.<\/p>\n<\/div>\n<\/div><\/div>\n<\/p><\/div>\n<div class=\"elementor-element elementor-element-498e61a8 elementor-align-right elementor-widget elementor-widget-button\" data-id=\"498e61a8\" data-element_type=\"widget\" data-widget_type=\"button.default\">\n<div class=\"elementor-widget-container\">\n<div class=\"elementor-button-wrapper\">\n\t\t\t<a href=\"#\" class=\"elementor-button-link elementor-button elementor-size-sm\" role=\"button\"><br \/>\n\t\t\t\t\t\t<span class=\"elementor-button-content-wrapper\"><br \/>\n\t\t\t\t\t\t<span class=\"elementor-button-text\">More<\/span><br \/>\n\t\t<\/span><br \/>\n\t\t\t\t\t<\/a>\n\t\t<\/div>\n<\/p><\/div>\n<\/p><\/div>\n<\/p><\/div>\n<\/p><\/div>\n<\/p><\/div>\n<\/section><\/div>\n<\/p><\/div>\n","protected":false},"excerpt":{"rendered":"<p>GEOSINT\u00c9TICOS EN PAISAJSMO &amp; JARDINER\u00cdA Los productos m\u00e1s utilizados Los dise\u00f1os que siempre deseaste hacer en tu jard\u00edn ya tienen soluciones con los geosint\u00e9ticos\u00a0 GEOTEXTIL NO TEJIDO NT-1300: USD 1,40 M2 Gramaje de 300 gramos se utiliza para drenaje en jardineras. A partir del 10 metros lineales se vende a [&hellip;]<\/p>\n","protected":false},"author":2,"featured_media":0,"parent":0,"menu_order":0,"comment_status":"closed","ping_status":"closed","template":"page-templates\/full-width.php","meta":[],"uagb_featured_image_src":{"full":false,"thumbnail":false,"medium":false,"medium_large":false,"large":false,"elegant_blocks_team_1":false,"elegant_blocks_blog_1":false,"elegant_blocks_slider_1":false,"1536x1536":false,"2048x2048":false,"bizberg_medium":false,"bizberg_gallery":false,"bizberg_blog_list":false,"bizberg_detail_image":false,"bizberg_detail_image_no_sidebar":false,"bizberg_portfolio_homepage":false,"bizberg_blog_list_no_sidebar_1":false,"woocommerce_thumbnail":false,"woocommerce_single":false,"woocommerce_gallery_thumbnail":false,"shop_catalog":false,"shop_single":false,"shop_thumbnail":false},"uagb_author_info":{"display_name":"Luis Yumi","author_link":"https:\/\/conjardines.com\/index.php\/author\/luisyumi\/"},"uagb_comment_info":0,"uagb_excerpt":"GEOSINT\u00c9TICOS EN PAISAJSMO &amp; JARDINER\u00cdA Los productos m\u00e1s utilizados Los dise\u00f1os que siempre deseaste hacer en tu jard\u00edn ya tienen soluciones con los geosint\u00e9ticos\u00a0 GEOTEXTIL NO TEJIDO NT-1300: USD 1,40 M2 Gramaje de 300 gramos se utiliza para drenaje en jardineras. A partir del 10 metros lineales se vende a [&hellip;]","_links":{"self":[{"href":"https:\/\/conjardines.com\/index.php\/wp-json\/wp\/v2\/pages\/325"}],"collection":[{"href":"https:\/\/conjardines.com\/index.php\/wp-json\/wp\/v2\/pages"}],"about":[{"href":"https:\/\/conjardines.com\/index.php\/wp-json\/wp\/v2\/types\/page"}],"author":[{"embeddable":true,"href":"https:\/\/conjardines.com\/index.php\/wp-json\/wp\/v2\/users\/2"}],"replies":[{"embeddable":true,"href":"https:\/\/conjardines.com\/index.php\/wp-json\/wp\/v2\/comments?post=325"}],"version-history":[{"count":29,"href":"https:\/\/conjardines.com\/index.php\/wp-json\/wp\/v2\/pages\/325\/revisions"}],"predecessor-version":[{"id":10451,"href":"https:\/\/conjardines.com\/index.php\/wp-json\/wp\/v2\/pages\/325\/revisions\/10451"}],"wp:attachment":[{"href":"https:\/\/conjardines.com\/index.php\/wp-json\/wp\/v2\/media?parent=325"}],"curies":[{"name":"wp","href":"https:\/\/api.w.org\/{rel}","templated":true}]}}